{"id":21630,"date":"2026-01-12T16:20:43","date_gmt":"2026-01-12T16:20:43","guid":{"rendered":"https:\/\/www.t-bio.it\/chi-siamo\/"},"modified":"2026-01-28T09:04:59","modified_gmt":"2026-01-28T09:04:59","slug":"qui-sommes-nous","status":"publish","type":"page","link":"https:\/\/www.t-bio.it\/fr\/qui-sommes-nous\/","title":{"rendered":"QUI SOMMES-NOUS"},"content":{"rendered":"<div class=\"wpb-content-wrapper\"><p>[vc_row][vc_column][vc_column_text][\/vc_column_text][dfd_spacer screen_wide_spacer_size=\u00a0\u00bb30&Prime; screen_normal_resolution=\u00a0\u00bb1024&Prime; screen_tablet_resolution=\u00a0\u00bb800&Prime; screen_mobile_resolution=\u00a0\u00bb480&Prime;][dfd_single_image image=\u00a0\u00bb21407&Prime;][dfd_spacer screen_wide_spacer_size=\u00a0\u00bb30&Prime; screen_normal_resolution=\u00a0\u00bb1024&Prime; screen_tablet_resolution=\u00a0\u00bb800&Prime; screen_mobile_resolution=\u00a0\u00bb480&Prime;][dfd_spacer screen_wide_spacer_size=\u00a0\u00bb30&Prime; screen_normal_resolution=\u00a0\u00bb1024&Prime; screen_tablet_resolution=\u00a0\u00bb800&Prime; screen_mobile_resolution=\u00a0\u00bb480&Prime;][\/vc_column][\/vc_row][vc_row css=\u00a0\u00bb.vc_custom_1768044332583{padding-right: 3% !important;}\u00a0\u00bb][vc_column width=\u00a0\u00bb1\/2&Prime; dfd_column_responsive_enable=\u00a0\u00bbdfd-column-responsive-enable\u00a0\u00bb el_class=\u00a0\u00bbdfd_col-tablet-12&Prime; offset=\u00a0\u00bbvc_col-lg-6 vc_col-md-6 vc_col-xs-12&Prime; col_shadow=\u00a0\u00bbbox_shadow_enable:disable|shadow_horizontal:0|shadow_vertical:15|shadow_blur:50|shadow_spread:0|box_shadow_color:rgba(0%2C0%2C0%2C0.35)\u00a0\u00bb col_shadow_hover=\u00a0\u00bbbox_shadow_enable:disable|shadow_horizontal:0|shadow_vertical:15|shadow_blur:50|shadow_spread:0|box_shadow_color:rgba(0%2C0%2C0%2C0.35)\u00a0\u00bb responsive_styles=\u00a0\u00bbpadding_left_desktop:20|padding_left_tablet:20|padding_right_tablet:20|padding_left_mobile:20|padding_right_mobile:20&Prime; css=\u00a0\u00bb.vc_custom_1768044362641{padding-left: 3% !important;}\u00a0\u00bb][dfd_heading style=\u00a0\u00bbstyle_02&Prime; subtitle=\u00a0\u00bbQui sommes-nous\u00a0\u00bb content_alignment=\u00a0\u00bbtext-left\u00a0\u00bb module_animation=\u00a0\u00bbtransition.slideRightBigIn\u00a0\u00bb enable_delimiter=\u00a0\u00bb\u00a0\u00bb undefined=\u00a0\u00bb\u00a0\u00bb title_font_options=\u00a0\u00bbtag:h2|font_size:37|line_height:44|letter_spacing:-1.5&Prime; subtitle_font_options=\u00a0\u00bbtag:h6|font_size:12|color:%23545454&Prime; subheading_margin=\u00a0\u00bbmargin-bottom:10&Prime; title_responsive=\u00a0\u00bbfont_size_tablet:32|line_height_tablet:36|font_size_mobile:25|line_height_mobile:30&Prime; subtitle_responsive=\u00a0\u00bbfont_size_tablet:11|font_size_mobile:10|line_height_mobile:20&Prime; tutorials=\u00a0\u00bb\u00a0\u00bb]Terre, famille et hospitalit\u00e9<br \/>\n<em class=\"dfd-textmodule-featured-decoration\">depuis plus de quarante ans<\/em>[\/dfd_heading][dfd_spacer screen_wide_spacer_size=\u00a0\u00bb20&Prime; screen_normal_resolution=\u00a0\u00bb1024&Prime; screen_tablet_resolution=\u00a0\u00bb800&Prime; screen_mobile_resolution=\u00a0\u00bb480&Prime; screen_wide_resolution=\u00a0\u00bb1280&Prime; screen_normal_spacer_size=\u00a0\u00bb20&Prime; screen_tablet_spacer_size=\u00a0\u00bb20&Prime; screen_mobile_spacer_size=\u00a0\u00bb20&Prime;][vc_column_text css=\u00a0\u00bb\u00a0\u00bb item_animation=\u00a0\u00bbtransition.slideRightBigIn\u00a0\u00bb]<\/p>\n<p data-start=\"226\" data-end=\"461\">Au nord de la Route du Vin et de l\u2019Huile de la C\u00f4te des \u00c9trusques, la Tenuta Bellavista Insuese est n\u00e9e il y a plus de quarante ans. Il s\u2019agit d\u2019une exploitation agricole biologique en Toscane, fond\u00e9e par la famille <strong data-start=\"447\" data-end=\"460\">Vitarelli<\/strong>.<\/p>\n<p data-start=\"463\" data-end=\"772\">Un lieu qui a grandi en harmonie avec le paysage, o\u00f9 <strong data-start=\"516\" data-end=\"542\">agriculture biologique<\/strong>, protection des ressources naturelles et <strong>hospitalit\u00e9 en milieu rural<\/strong>\u00a0s\u2019entrelacent. Des syst\u00e8mes d\u2019irrigation durables aux zones humides qui favorisent la <strong data-start=\"693\" data-end=\"709\">biodiversit\u00e9<\/strong>, jusqu\u2019aux maisons rurales restaur\u00e9es et ouvertes \u00e0 l\u2019accueil des h\u00f4tes.<\/p>\n<p>[\/vc_column_text][dfd_spacer screen_wide_spacer_size=\u00a0\u00bb20&Prime; screen_normal_resolution=\u00a0\u00bb1024&Prime; screen_tablet_resolution=\u00a0\u00bb800&Prime; screen_mobile_resolution=\u00a0\u00bb480&Prime; screen_wide_resolution=\u00a0\u00bb1280&Prime; screen_normal_spacer_size=\u00a0\u00bb35&Prime; screen_tablet_spacer_size=\u00a0\u00bb30&Prime; screen_mobile_spacer_size=\u00a0\u00bb30&Prime;][vc_row_inner][vc_column_inner width=\u00a0\u00bb1\/2&Prime;][dfd_info_box content_alignment=\u00a0\u00bbtext-left\u00a0\u00bb module_animation=\u00a0\u00bbtransition.slideRightBigIn\u00a0\u00bb title=\u00a0\u00bbAgriculture biologique\u00a0\u00bb subtitle=\u00a0\u00bbC\u00e9r\u00e9ales, oliviers et l\u00e9gumineuses\u00a0\u00bb main_content=\u00a0\u00bbDans le respect du sol, de l\u2019eau et de la biodiversit\u00e9, nous d\u00e9fendons une vision d\u2019une agriculture durable.\u00a0\u00bb ic_dfd_icons=\u00a0\u00bbbubbles-Settings\u00a0\u00bb main_style=\u00a0\u00bbstyle-1&Prime; main_layout=\u00a0\u00bblayout-1&Prime; undefined=\u00a0\u00bb\u00a0\u00bb title_font_options=\u00a0\u00bbtag:div\u00a0\u00bb subtitle_font_options=\u00a0\u00bbtag:div\u00a0\u00bb icon_color=\u00a0\u00bb#3b55e6&Prime; tutorials=\u00a0\u00bb\u00a0\u00bb][dfd_spacer screen_wide_spacer_size=\u00a0\u00bb0&Prime; screen_normal_resolution=\u00a0\u00bb1024&Prime; screen_tablet_resolution=\u00a0\u00bb800&Prime; screen_mobile_resolution=\u00a0\u00bb480&Prime; screen_wide_resolution=\u00a0\u00bb1280&Prime; screen_normal_spacer_size=\u00a0\u00bb0&Prime; screen_tablet_spacer_size=\u00a0\u00bb0&Prime; screen_mobile_spacer_size=\u00a0\u00bb30&Prime;][\/vc_column_inner][vc_column_inner width=\u00a0\u00bb1\/2&Prime; col_inner_shadow=\u00a0\u00bbbox_shadow_enable:disable|shadow_horizontal:0|shadow_vertical:15|shadow_blur:50|shadow_spread:0|box_shadow_color:rgba(0%2C0%2C0%2C0.35)\u00a0\u00bb col_inner_shadow_hover=\u00a0\u00bbbox_shadow_enable:disable|shadow_horizontal:0|shadow_vertical:15|shadow_blur:50|shadow_spread:0|box_shadow_color:rgba(0%2C0%2C0%2C0.35)\u00a0\u00bb][dfd_info_box content_alignment=\u00a0\u00bbtext-left\u00a0\u00bb module_animation=\u00a0\u00bbtransition.slideRightBigIn\u00a0\u00bb title=\u00a0\u00bbHospitalit\u00e9 au c\u0153ur de la nature\u00a0\u00bb subtitle=\u00a0\u00bbMaisons toscanes, paysages prot\u00e9g\u00e9s\u00a0\u00bb main_content=\u00a0\u00bbNous accueillons celles et ceux qui recherchent authenticit\u00e9, beaut\u00e9 et un rythme plus lent : pour des \u00e9v\u00e9nements, des c\u00e9r\u00e9monies et des s\u00e9jours.\u00a0\u00bb ic_dfd_icons=\u00a0\u00bbbubbles-Handbag\u00a0\u00bb main_style=\u00a0\u00bbstyle-1&Prime; main_layout=\u00a0\u00bblayout-1&Prime; undefined=\u00a0\u00bb\u00a0\u00bb title_font_options=\u00a0\u00bbtag:div\u00a0\u00bb subtitle_font_options=\u00a0\u00bbtag:div\u00a0\u00bb icon_color=\u00a0\u00bb#3b55e6&Prime; tutorials=\u00a0\u00bb\u00a0\u00bb][\/vc_column_inner][\/vc_row_inner][\/vc_column][vc_column width=\u00a0\u00bb1\/2&Prime; dfd_column_responsive_enable=\u00a0\u00bbdfd-column-responsive-enable\u00a0\u00bb css=\u00a0\u00bb.vc_custom_1479730517150{padding-left: 3% !important;}\u00a0\u00bb col_shadow=\u00a0\u00bbbox_shadow_enable:disable|shadow_horizontal:0|shadow_vertical:15|shadow_blur:50|shadow_spread:0|box_shadow_color:rgba(0%2C0%2C0%2C0.35)\u00a0\u00bb col_shadow_hover=\u00a0\u00bbbox_shadow_enable:disable|shadow_horizontal:0|shadow_vertical:15|shadow_blur:50|shadow_spread:0|box_shadow_color:rgba(0%2C0%2C0%2C0.35)\u00a0\u00bb el_class=\u00a0\u00bbdfd_col-tablet-12&Prime; offset=\u00a0\u00bbvc_col-lg-6 vc_col-md-6 vc_col-xs-12&Prime; responsive_styles=\u00a0\u00bbpadding_right_desktop:20|padding_left_tablet:20|padding_right_tablet:20|padding_left_mobile:20|padding_right_mobile:20&Prime;][dfd_spacer screen_wide_spacer_size=\u00a0\u00bb0&Prime; screen_normal_resolution=\u00a0\u00bb1024&Prime; screen_tablet_resolution=\u00a0\u00bb800&Prime; screen_mobile_resolution=\u00a0\u00bb480&Prime; screen_wide_resolution=\u00a0\u00bb1280&Prime; screen_normal_spacer_size=\u00a0\u00bb40&Prime; screen_tablet_spacer_size=\u00a0\u00bb40&Prime; screen_mobile_spacer_size=\u00a0\u00bb40&Prime;][dfd_single_image image_alignment=\u00a0\u00bbimage-right\u00a0\u00bb hover_style=\u00a0\u00bbdfd-image-scale\u00a0\u00bb image=\u00a0\u00bb21413&Prime;][\/vc_column][\/vc_row][vc_row][vc_column][vc_column_text][\/vc_column_text][\/vc_column][\/vc_row][vc_row][vc_column][vc_column_text][\/vc_column_text][dfd_spacer screen_wide_spacer_size=\u00a0\u00bb30&Prime; screen_normal_resolution=\u00a0\u00bb1024&Prime; screen_tablet_resolution=\u00a0\u00bb800&Prime; screen_mobile_resolution=\u00a0\u00bb480&Prime;][dfd_spacer screen_wide_spacer_size=\u00a0\u00bb30&Prime; screen_normal_resolution=\u00a0\u00bb1024&Prime; screen_tablet_resolution=\u00a0\u00bb800&Prime; screen_mobile_resolution=\u00a0\u00bb480&Prime;][\/vc_column][\/vc_row][vc_row css=\u00a0\u00bb.vc_custom_1768044374713{padding-right: 3% !important;}\u00a0\u00bb][vc_column width=\u00a0\u00bb1\/2&Prime; dfd_column_responsive_enable=\u00a0\u00bbdfd-column-responsive-enable\u00a0\u00bb css=\u00a0\u00bb.vc_custom_1479730517150{padding-left: 3% !important;}\u00a0\u00bb col_shadow=\u00a0\u00bbbox_shadow_enable:disable|shadow_horizontal:0|shadow_vertical:15|shadow_blur:50|shadow_spread:0|box_shadow_color:rgba(0%2C0%2C0%2C0.35)\u00a0\u00bb col_shadow_hover=\u00a0\u00bbbox_shadow_enable:disable|shadow_horizontal:0|shadow_vertical:15|shadow_blur:50|shadow_spread:0|box_shadow_color:rgba(0%2C0%2C0%2C0.35)\u00a0\u00bb el_class=\u00a0\u00bbdfd_col-tablet-12&Prime; offset=\u00a0\u00bbvc_col-lg-6 vc_col-md-6 vc_col-xs-12&Prime; responsive_styles=\u00a0\u00bbpadding_right_desktop:20|padding_left_tablet:20|padding_right_tablet:20|padding_left_mobile:20|padding_right_mobile:20&Prime;][dfd_spacer screen_wide_spacer_size=\u00a0\u00bb0&Prime; screen_normal_resolution=\u00a0\u00bb1024&Prime; screen_tablet_resolution=\u00a0\u00bb800&Prime; screen_mobile_resolution=\u00a0\u00bb480&Prime; screen_wide_resolution=\u00a0\u00bb1280&Prime; screen_normal_spacer_size=\u00a0\u00bb40&Prime; screen_tablet_spacer_size=\u00a0\u00bb40&Prime; screen_mobile_spacer_size=\u00a0\u00bb40&Prime;][dfd_single_image hover_style=\u00a0\u00bbdfd-image-scale\u00a0\u00bb image=\u00a0\u00bb21425&Prime;][\/vc_column][vc_column width=\u00a0\u00bb1\/2&Prime; dfd_column_responsive_enable=\u00a0\u00bbdfd-column-responsive-enable\u00a0\u00bb el_class=\u00a0\u00bbdfd_col-tablet-12&Prime; offset=\u00a0\u00bbvc_col-lg-6 vc_col-md-6 vc_col-xs-12&Prime; col_shadow=\u00a0\u00bbbox_shadow_enable:disable|shadow_horizontal:0|shadow_vertical:15|shadow_blur:50|shadow_spread:0|box_shadow_color:rgba(0%2C0%2C0%2C0.35)\u00a0\u00bb col_shadow_hover=\u00a0\u00bbbox_shadow_enable:disable|shadow_horizontal:0|shadow_vertical:15|shadow_blur:50|shadow_spread:0|box_shadow_color:rgba(0%2C0%2C0%2C0.35)\u00a0\u00bb responsive_styles=\u00a0\u00bbpadding_left_desktop:20|padding_left_tablet:20|padding_right_tablet:20|padding_left_mobile:20|padding_right_mobile:20&Prime; css=\u00a0\u00bb.vc_custom_1768044155834{padding-right: 50px !important;padding-left: 50px !important;}\u00a0\u00bb][dfd_heading style=\u00a0\u00bbstyle_02&Prime; subtitle=\u00a0\u00bbD\u00e9couvrez la Tenuta\u00a0\u00bb content_alignment=\u00a0\u00bbtext-left\u00a0\u00bb module_animation=\u00a0\u00bbtransition.slideRightBigIn\u00a0\u00bb enable_delimiter=\u00a0\u00bb\u00a0\u00bb undefined=\u00a0\u00bb\u00a0\u00bb title_font_options=\u00a0\u00bbtag:h2|font_size:37|line_height:44|letter_spacing:-1.5&Prime; subtitle_font_options=\u00a0\u00bbtag:h6|font_size:12|color:%23545454&Prime; subheading_margin=\u00a0\u00bbmargin-bottom:10&Prime; title_responsive=\u00a0\u00bbfont_size_tablet:32|line_height_tablet:36|font_size_mobile:25|line_height_mobile:30&Prime; subtitle_responsive=\u00a0\u00bbfont_size_tablet:11|font_size_mobile:10|line_height_mobile:20&Prime; tutorials=\u00a0\u00bb\u00a0\u00bb]Une terre soign\u00e9e,<br data-start=\"331\" data-end=\"334\" \/>une famille qui l\u2019habite<br \/>\n<em class=\"dfd-textmodule-featured-decoration\">depuis 1980<\/em>[\/dfd_heading][dfd_spacer screen_wide_spacer_size=\u00a0\u00bb20&Prime; screen_normal_resolution=\u00a0\u00bb1024&Prime; screen_tablet_resolution=\u00a0\u00bb800&Prime; screen_mobile_resolution=\u00a0\u00bb480&Prime; screen_wide_resolution=\u00a0\u00bb1280&Prime; screen_normal_spacer_size=\u00a0\u00bb20&Prime; screen_tablet_spacer_size=\u00a0\u00bb20&Prime; screen_mobile_spacer_size=\u00a0\u00bb20&Prime;][vc_column_text css=\u00a0\u00bb\u00a0\u00bb item_animation=\u00a0\u00bbtransition.slideRightBigIn\u00a0\u00bb]<\/p>\n<p data-start=\"251\" data-end=\"485\">La Tenuta Bellavista Insuese est n\u00e9e d\u2019une vision familiale qui place la terre et les personnes au c\u0153ur de son projet. La famille <strong data-start=\"381\" data-end=\"394\">Vitarelli<\/strong> a choisi d\u2019investir dans l\u2019agriculture biologique et dans une forme d\u2019hospitalit\u00e9 diffuse.<\/p>\n<h3 data-start=\"487\" data-end=\"513\"><\/h3>\n<p>[\/vc_column_text][dfd_spacer screen_wide_spacer_size=\u00a0\u00bb20&Prime; screen_normal_resolution=\u00a0\u00bb1024&Prime; screen_tablet_resolution=\u00a0\u00bb800&Prime; screen_mobile_resolution=\u00a0\u00bb480&Prime; screen_wide_resolution=\u00a0\u00bb1280&Prime; screen_normal_spacer_size=\u00a0\u00bb35&Prime; screen_tablet_spacer_size=\u00a0\u00bb30&Prime; screen_mobile_spacer_size=\u00a0\u00bb30&Prime;][vc_row_inner][vc_column_inner width=\u00a0\u00bb1\/2&Prime;][dfd_info_box content_alignment=\u00a0\u00bbtext-left\u00a0\u00bb module_animation=\u00a0\u00bbtransition.slideRightBigIn\u00a0\u00bb title=\u00a0\u00bbProduits biologiques\u00a0\u00bb subtitle=\u00a0\u00bbFarines, huile d\u2019olive, l\u00e9gumineuses\u00a0\u00bb main_content=\u00a0\u00bbDes produits sains, bons et cultiv\u00e9s comme autrefois, dans le respect de la terre et de l\u2019\u00eatre humain.\u00a0\u00bb ic_dfd_icons=\u00a0\u00bbbubbles-Settings\u00a0\u00bb main_style=\u00a0\u00bbstyle-1&Prime; main_layout=\u00a0\u00bblayout-1&Prime; undefined=\u00a0\u00bb\u00a0\u00bb title_font_options=\u00a0\u00bbtag:div\u00a0\u00bb subtitle_font_options=\u00a0\u00bbtag:div\u00a0\u00bb icon_color=\u00a0\u00bb#3b55e6&Prime; tutorials=\u00a0\u00bb\u00a0\u00bb][dfd_spacer screen_wide_spacer_size=\u00a0\u00bb0&Prime; screen_normal_resolution=\u00a0\u00bb1024&Prime; screen_tablet_resolution=\u00a0\u00bb800&Prime; screen_mobile_resolution=\u00a0\u00bb480&Prime; screen_wide_resolution=\u00a0\u00bb1280&Prime; screen_normal_spacer_size=\u00a0\u00bb0&Prime; screen_tablet_spacer_size=\u00a0\u00bb0&Prime; screen_mobile_spacer_size=\u00a0\u00bb30&Prime;][\/vc_column_inner][vc_column_inner width=\u00a0\u00bb1\/2&Prime; col_inner_shadow=\u00a0\u00bbbox_shadow_enable:disable|shadow_horizontal:0|shadow_vertical:15|shadow_blur:50|shadow_spread:0|box_shadow_color:rgba(0%2C0%2C0%2C0.35)\u00a0\u00bb col_inner_shadow_hover=\u00a0\u00bbbox_shadow_enable:disable|shadow_horizontal:0|shadow_vertical:15|shadow_blur:50|shadow_spread:0|box_shadow_color:rgba(0%2C0%2C0%2C0.35)\u00a0\u00bb][dfd_info_box content_alignment=\u00a0\u00bbtext-left\u00a0\u00bb module_animation=\u00a0\u00bbtransition.slideRightBigIn\u00a0\u00bb title=\u00a0\u00bbAccueil authentique\u00a0\u00bb subtitle=\u00a0\u00bbS\u00e9jours et \u00e9v\u00e9nements\u00a0\u00bb main_content=\u00a0\u00bbLes portes de la Tenuta sont ouvertes \u00e0 celles et ceux qui recherchent des exp\u00e9riences immersives au c\u0153ur des paysages ruraux toscans.\u00a0\u00bb ic_dfd_icons=\u00a0\u00bbbubbles-Handbag\u00a0\u00bb main_style=\u00a0\u00bbstyle-1&Prime; main_layout=\u00a0\u00bblayout-1&Prime; undefined=\u00a0\u00bb\u00a0\u00bb title_font_options=\u00a0\u00bbtag:div\u00a0\u00bb subtitle_font_options=\u00a0\u00bbtag:div\u00a0\u00bb icon_color=\u00a0\u00bb#3b55e6&Prime; tutorials=\u00a0\u00bb\u00a0\u00bb][\/vc_column_inner][\/vc_row_inner][\/vc_column][\/vc_row][vc_row][vc_column][dfd_spacer screen_wide_spacer_size=\u00a0\u00bb30&Prime; screen_normal_resolution=\u00a0\u00bb1024&Prime; screen_tablet_resolution=\u00a0\u00bb800&Prime; screen_mobile_resolution=\u00a0\u00bb480&Prime;][dfd_spacer screen_wide_spacer_size=\u00a0\u00bb30&Prime; screen_normal_resolution=\u00a0\u00bb1024&Prime; screen_tablet_resolution=\u00a0\u00bb800&Prime; screen_mobile_resolution=\u00a0\u00bb480&Prime;][\/vc_column][\/vc_row][vc_row][vc_column][dfd_simple_image_gallery dfd_layer_image=\u00a0\u00bb21431,21428,21422,21419,21416,21410&Prime; items_offset=\u00a0\u00bb0&Prime; image_width=\u00a0\u00bb900&Prime; image_height=\u00a0\u00bb600&Prime; slides_to_show=\u00a0\u00bb5&Prime; slides_to_scroll=\u00a0\u00bb1&Prime; carousel_slideshow_speed=\u00a0\u00bb3000&Prime; images_style=\u00a0\u00bbcarousel\u00a0\u00bb][\/vc_column][\/vc_row]<\/p>\n<\/div>","protected":false},"excerpt":{"rendered":"<p>[vc_row][vc_column][vc_column_text][\/vc_column_text][dfd_spacer screen_wide_spacer_size=\u00a0\u00bb30&Prime; screen_normal_resolution=\u00a0\u00bb1024&Prime; screen_tablet_resolution=\u00a0\u00bb800&Prime; screen_mobile_resolution=\u00a0\u00bb480&Prime;][dfd_single_image image=\u00a0\u00bb21407&Prime;][dfd_spacer screen_wide_spacer_size=\u00a0\u00bb30&Prime; screen_normal_resolution=\u00a0\u00bb1024&Prime; screen_tablet_resolution=\u00a0\u00bb800&Prime; screen_mobile_resolution=\u00a0\u00bb480&Prime;][dfd_spacer screen_wide_spacer_size=\u00a0\u00bb30&Prime; screen_normal_resolution=\u00a0\u00bb1024&Prime; screen_tablet_resolution=\u00a0\u00bb800&Prime; screen_mobile_resolution=\u00a0\u00bb480&Prime;][\/vc_column][\/vc_row][vc_row css=\u00a0\u00bb.vc_custom_1768044332583{padding-right: 3% !important;}\u00a0\u00bb][vc_column width=\u00a0\u00bb1\/2&Prime; dfd_column_responsive_enable=\u00a0\u00bbdfd-column-responsive-enable\u00a0\u00bb el_class=\u00a0\u00bbdfd_col-tablet-12&Prime; offset=\u00a0\u00bbvc_col-lg-6 vc_col-md-6 vc_col-xs-12&Prime; col_shadow=\u00a0\u00bbbox_shadow_enable:disable|shadow_horizontal:0|shadow_vertical:15|shadow_blur:50|shadow_spread:0|box_shadow_color:rgba(0%2C0%2C0%2C0.35)\u00a0\u00bb col_shadow_hover=\u00a0\u00bbbox_shadow_enable:disable|shadow_horizontal:0|shadow_vertical:15|shadow_blur:50|shadow_spread:0|box_shadow_color:rgba(0%2C0%2C0%2C0.35)\u00a0\u00bb responsive_styles=\u00a0\u00bbpadding_left_desktop:20|padding_left_tablet:20|padding_right_tablet:20|padding_left_mobile:20|padding_right_mobile:20&Prime; css=\u00a0\u00bb.vc_custom_1768044362641{padding-left: 3% !important;}\u00a0\u00bb][dfd_heading style=\u00a0\u00bbstyle_02&Prime;<\/p>\n","protected":false},"author":1,"featured_media":0,"parent":0,"menu_order":0,"comment_status":"closed","ping_status":"closed","template":"","meta":{"footnotes":""},"class_list":["post-21630","page","type-page","status-publish","hentry"],"_links":{"self":[{"href":"https:\/\/www.t-bio.it\/fr\/wp-json\/wp\/v2\/pages\/21630","targetHints":{"allow":["GET"]}}],"collection":[{"href":"https:\/\/www.t-bio.it\/fr\/wp-json\/wp\/v2\/pages"}],"about":[{"href":"https:\/\/www.t-bio.it\/fr\/wp-json\/wp\/v2\/types\/page"}],"author":[{"embeddable":true,"href":"https:\/\/www.t-bio.it\/fr\/wp-json\/wp\/v2\/users\/1"}],"replies":[{"embeddable":true,"href":"https:\/\/www.t-bio.it\/fr\/wp-json\/wp\/v2\/comments?post=21630"}],"version-history":[{"count":4,"href":"https:\/\/www.t-bio.it\/fr\/wp-json\/wp\/v2\/pages\/21630\/revisions"}],"predecessor-version":[{"id":21761,"href":"https:\/\/www.t-bio.it\/fr\/wp-json\/wp\/v2\/pages\/21630\/revisions\/21761"}],"wp:attachment":[{"href":"https:\/\/www.t-bio.it\/fr\/wp-json\/wp\/v2\/media?parent=21630"}],"curies":[{"name":"wp","href":"https:\/\/api.w.org\/{rel}","templated":true}]}}