{"id":21638,"date":"2026-01-12T16:39:10","date_gmt":"2026-01-12T16:39:10","guid":{"rendered":"https:\/\/www.t-bio.it\/dormire\/"},"modified":"2026-01-28T09:06:35","modified_gmt":"2026-01-28T09:06:35","slug":"sejour","status":"publish","type":"page","link":"https:\/\/www.t-bio.it\/fr\/sejour\/","title":{"rendered":"S\u00c9JOUR"},"content":{"rendered":"<div class=\"wpb-content-wrapper\"><p>[vc_row][vc_column][vc_column_text][\/vc_column_text][dfd_spacer screen_wide_spacer_size=\u00a0\u00bb30&Prime; screen_normal_resolution=\u00a0\u00bb1024&Prime; screen_tablet_resolution=\u00a0\u00bb800&Prime; screen_mobile_resolution=\u00a0\u00bb480&Prime;][dfd_single_image image_size=\u00a0\u00bbcustom\u00a0\u00bb image_width=\u00a0\u00bb1920&Prime; image_height=\u00a0\u00bb700&Prime; image=\u00a0\u00bb21459&Prime;][dfd_spacer screen_wide_spacer_size=\u00a0\u00bb10&Prime; screen_normal_resolution=\u00a0\u00bb1024&Prime; screen_tablet_resolution=\u00a0\u00bb800&Prime; screen_mobile_resolution=\u00a0\u00bb480&Prime;][\/vc_column][\/vc_row][vc_row css=\u00a0\u00bb.vc_custom_1768044332583{padding-right: 3% !important;}\u00a0\u00bb][vc_column width=\u00a0\u00bb1\/2&Prime; dfd_column_responsive_enable=\u00a0\u00bbdfd-column-responsive-enable\u00a0\u00bb el_class=\u00a0\u00bbdfd_col-tablet-12&Prime; offset=\u00a0\u00bbvc_col-lg-6 vc_col-md-6 vc_col-xs-12&Prime; col_shadow=\u00a0\u00bbbox_shadow_enable:disable|shadow_horizontal:0|shadow_vertical:15|shadow_blur:50|shadow_spread:0|box_shadow_color:rgba(0%2C0%2C0%2C0.35)\u00a0\u00bb col_shadow_hover=\u00a0\u00bbbox_shadow_enable:disable|shadow_horizontal:0|shadow_vertical:15|shadow_blur:50|shadow_spread:0|box_shadow_color:rgba(0%2C0%2C0%2C0.35)\u00a0\u00bb responsive_styles=\u00a0\u00bbpadding_left_desktop:20|padding_left_tablet:20|padding_right_tablet:20|padding_left_mobile:20|padding_right_mobile:20&Prime; css=\u00a0\u00bb.vc_custom_1768044362641{padding-left: 3% !important;}\u00a0\u00bb][dfd_heading style=\u00a0\u00bbstyle_02&Prime; subtitle=\u00a0\u00bbS\u00e9jour\u00a0\u00bb content_alignment=\u00a0\u00bbtext-left\u00a0\u00bb module_animation=\u00a0\u00bbtransition.slideRightBigIn\u00a0\u00bb enable_delimiter=\u00a0\u00bb\u00a0\u00bb undefined=\u00a0\u00bb\u00a0\u00bb title_font_options=\u00a0\u00bbtag:h2|font_size:37|line_height:44|letter_spacing:-1.5&Prime; subtitle_font_options=\u00a0\u00bbtag:h6|font_size:12|color:%23545454&Prime; subheading_margin=\u00a0\u00bbmargin-bottom:10&Prime; title_responsive=\u00a0\u00bbfont_size_tablet:32|line_height_tablet:36|font_size_mobile:25|line_height_mobile:30&Prime; subtitle_responsive=\u00a0\u00bbfont_size_tablet:11|font_size_mobile:10|line_height_mobile:20&Prime;]S\u00e9jour \u00e0 Guasticce<br \/>\n<em class=\"dfd-textmodule-featured-decoration\">au c\u0153ur de la Toscane\u00a0<\/em>[\/dfd_heading][dfd_spacer screen_wide_spacer_size=\u00a0\u00bb20&Prime; screen_normal_resolution=\u00a0\u00bb1024&Prime; screen_tablet_resolution=\u00a0\u00bb800&Prime; screen_mobile_resolution=\u00a0\u00bb480&Prime; screen_wide_resolution=\u00a0\u00bb1280&Prime; screen_normal_spacer_size=\u00a0\u00bb20&Prime; screen_tablet_spacer_size=\u00a0\u00bb20&Prime; screen_mobile_spacer_size=\u00a0\u00bb20&Prime;][vc_column_text css=\u00a0\u00bb\u00a0\u00bb item_animation=\u00a0\u00bbtransition.slideRightBigIn\u00a0\u00bb]<\/p>\n<p data-start=\"204\" data-end=\"569\">La r\u00e9sidence La Rondinaia et les autres h\u00e9bergements de la Tenuta sont la solution id\u00e9ale pour s\u00e9journer \u00e0 Guasticce, immerg\u00e9s dans la verdure de la Tenuta Bellavista Insuese. Des lieux calmes et accueillants, pens\u00e9s pour celles et ceux qui recherchent un s\u00e9jour reposant \u00e0 la campagne, sans renoncer \u00e0 la proximit\u00e9 de Pise, Livourne et des principaux axes de la c\u00f4te toscane.<\/p>\n<h3 data-start=\"571\" data-end=\"600\"><\/h3>\n<p>[\/vc_column_text][dfd_spacer screen_wide_spacer_size=\u00a0\u00bb20&Prime; screen_normal_resolution=\u00a0\u00bb1024&Prime; screen_tablet_resolution=\u00a0\u00bb800&Prime; screen_mobile_resolution=\u00a0\u00bb480&Prime; screen_wide_resolution=\u00a0\u00bb1280&Prime; screen_normal_spacer_size=\u00a0\u00bb35&Prime; screen_tablet_spacer_size=\u00a0\u00bb30&Prime; screen_mobile_spacer_size=\u00a0\u00bb30&Prime;][vc_row_inner][vc_column_inner width=\u00a0\u00bb1\/2&Prime;][dfd_info_box content_alignment=\u00a0\u00bbtext-left\u00a0\u00bb module_animation=\u00a0\u00bbtransition.slideRightBigIn\u00a0\u00bb title=\u00a0\u00bbConfort et tranquillit\u00e9\u00a0\u00bb subtitle=\u00a0\u00bbVivre le temps avec douceur\u00a0\u00bb main_content=\u00a0\u00bbAppartements ind\u00e9pendants, espaces soign\u00e9s et ext\u00e9rieurs propices au ralentissement, au repos et \u00e0 la reconnexion avec son propre rythme.\u00a0\u00bb ic_dfd_icons=\u00a0\u00bbbubbles-Settings\u00a0\u00bb main_style=\u00a0\u00bbstyle-1&Prime; main_layout=\u00a0\u00bblayout-1&Prime; undefined=\u00a0\u00bb\u00a0\u00bb title_font_options=\u00a0\u00bbtag:div\u00a0\u00bb subtitle_font_options=\u00a0\u00bbtag:div\u00a0\u00bb icon_color=\u00a0\u00bb#3b55e6&Prime; tutorials=\u00a0\u00bb\u00a0\u00bb][dfd_spacer screen_wide_spacer_size=\u00a0\u00bb0&Prime; screen_normal_resolution=\u00a0\u00bb1024&Prime; screen_tablet_resolution=\u00a0\u00bb800&Prime; screen_mobile_resolution=\u00a0\u00bb480&Prime; screen_wide_resolution=\u00a0\u00bb1280&Prime; screen_normal_spacer_size=\u00a0\u00bb0&Prime; screen_tablet_spacer_size=\u00a0\u00bb0&Prime; screen_mobile_spacer_size=\u00a0\u00bb30&Prime;][\/vc_column_inner][vc_column_inner width=\u00a0\u00bb1\/2&Prime; col_inner_shadow=\u00a0\u00bbbox_shadow_enable:disable|shadow_horizontal:0|shadow_vertical:15|shadow_blur:50|shadow_spread:0|box_shadow_color:rgba(0%2C0%2C0%2C0.35)\u00a0\u00bb col_inner_shadow_hover=\u00a0\u00bbbox_shadow_enable:disable|shadow_horizontal:0|shadow_vertical:15|shadow_blur:50|shadow_spread:0|box_shadow_color:rgba(0%2C0%2C0%2C0.35)\u00a0\u00bb][dfd_info_box content_alignment=\u00a0\u00bbtext-left\u00a0\u00bb module_animation=\u00a0\u00bbtransition.slideRightBigIn\u00a0\u00bb title=\u00a0\u00bbSituation strat\u00e9gique\u00a0\u00bb subtitle=\u00a0\u00bbLa Toscane \u00e0 port\u00e9e de main\u00a0\u00bb main_content=\u00a0\u00bb\u00c0 quelques minutes de la mer, de villes d\u2019art, du port et de l\u2019a\u00e9roport, La Rondinaia allie nature et praticit\u00e9 pour tout type de s\u00e9jour.\u00a0\u00bb ic_dfd_icons=\u00a0\u00bbbubbles-Handbag\u00a0\u00bb main_style=\u00a0\u00bbstyle-1&Prime; main_layout=\u00a0\u00bblayout-1&Prime; undefined=\u00a0\u00bb\u00a0\u00bb title_font_options=\u00a0\u00bbtag:div\u00a0\u00bb subtitle_font_options=\u00a0\u00bbtag:div\u00a0\u00bb icon_color=\u00a0\u00bb#3b55e6&Prime;][\/vc_column_inner][\/vc_row_inner][\/vc_column][vc_column width=\u00a0\u00bb1\/2&Prime; dfd_column_responsive_enable=\u00a0\u00bbdfd-column-responsive-enable\u00a0\u00bb css=\u00a0\u00bb.vc_custom_1479730517150{padding-left: 3% !important;}\u00a0\u00bb col_shadow=\u00a0\u00bbbox_shadow_enable:disable|shadow_horizontal:0|shadow_vertical:15|shadow_blur:50|shadow_spread:0|box_shadow_color:rgba(0%2C0%2C0%2C0.35)\u00a0\u00bb col_shadow_hover=\u00a0\u00bbbox_shadow_enable:disable|shadow_horizontal:0|shadow_vertical:15|shadow_blur:50|shadow_spread:0|box_shadow_color:rgba(0%2C0%2C0%2C0.35)\u00a0\u00bb el_class=\u00a0\u00bbdfd_col-tablet-12&Prime; offset=\u00a0\u00bbvc_col-lg-6 vc_col-md-6 vc_col-xs-12&Prime; responsive_styles=\u00a0\u00bbpadding_right_desktop:20|padding_left_tablet:20|padding_right_tablet:20|padding_left_mobile:20|padding_right_mobile:20&Prime;][dfd_spacer screen_wide_spacer_size=\u00a0\u00bb0&Prime; screen_normal_resolution=\u00a0\u00bb1024&Prime; screen_tablet_resolution=\u00a0\u00bb800&Prime; screen_mobile_resolution=\u00a0\u00bb480&Prime; screen_wide_resolution=\u00a0\u00bb1280&Prime; screen_normal_spacer_size=\u00a0\u00bb40&Prime; screen_tablet_spacer_size=\u00a0\u00bb40&Prime; screen_mobile_spacer_size=\u00a0\u00bb40&Prime;][dfd_single_image hover_style=\u00a0\u00bbdfd-image-scale\u00a0\u00bb image=\u00a0\u00bb21456&Prime;][\/vc_column][\/vc_row][vc_row][vc_column][vc_column_text][\/vc_column_text][\/vc_column][\/vc_row][vc_row][vc_column][vc_column_text][\/vc_column_text][dfd_spacer screen_wide_spacer_size=\u00a0\u00bb30&Prime; screen_normal_resolution=\u00a0\u00bb1024&Prime; screen_tablet_resolution=\u00a0\u00bb800&Prime; screen_mobile_resolution=\u00a0\u00bb480&Prime;][\/vc_column][\/vc_row][vc_row css=\u00a0\u00bb.vc_custom_1768044374713{padding-right: 3% !important;}\u00a0\u00bb][vc_column width=\u00a0\u00bb1\/2&Prime; dfd_column_responsive_enable=\u00a0\u00bbdfd-column-responsive-enable\u00a0\u00bb css=\u00a0\u00bb.vc_custom_1479730517150{padding-left: 3% !important;}\u00a0\u00bb col_shadow=\u00a0\u00bbbox_shadow_enable:disable|shadow_horizontal:0|shadow_vertical:15|shadow_blur:50|shadow_spread:0|box_shadow_color:rgba(0%2C0%2C0%2C0.35)\u00a0\u00bb col_shadow_hover=\u00a0\u00bbbox_shadow_enable:disable|shadow_horizontal:0|shadow_vertical:15|shadow_blur:50|shadow_spread:0|box_shadow_color:rgba(0%2C0%2C0%2C0.35)\u00a0\u00bb el_class=\u00a0\u00bbdfd_col-tablet-12&Prime; offset=\u00a0\u00bbvc_col-lg-6 vc_col-md-6 vc_col-xs-12&Prime; responsive_styles=\u00a0\u00bbpadding_right_desktop:20|padding_left_tablet:20|padding_right_tablet:20|padding_left_mobile:20|padding_right_mobile:20&Prime;][dfd_spacer screen_wide_spacer_size=\u00a0\u00bb0&Prime; screen_normal_resolution=\u00a0\u00bb1024&Prime; screen_tablet_resolution=\u00a0\u00bb800&Prime; screen_mobile_resolution=\u00a0\u00bb480&Prime; screen_wide_resolution=\u00a0\u00bb1280&Prime; screen_normal_spacer_size=\u00a0\u00bb40&Prime; screen_tablet_spacer_size=\u00a0\u00bb40&Prime; screen_mobile_spacer_size=\u00a0\u00bb40&Prime;][dfd_single_image hover_style=\u00a0\u00bbdfd-image-scale\u00a0\u00bb image=\u00a0\u00bb21450&Prime;][\/vc_column][vc_column width=\u00a0\u00bb1\/2&Prime; dfd_column_responsive_enable=\u00a0\u00bbdfd-column-responsive-enable\u00a0\u00bb el_class=\u00a0\u00bbdfd_col-tablet-12&Prime; offset=\u00a0\u00bbvc_col-lg-6 vc_col-md-6 vc_col-xs-12&Prime; col_shadow=\u00a0\u00bbbox_shadow_enable:disable|shadow_horizontal:0|shadow_vertical:15|shadow_blur:50|shadow_spread:0|box_shadow_color:rgba(0%2C0%2C0%2C0.35)\u00a0\u00bb col_shadow_hover=\u00a0\u00bbbox_shadow_enable:disable|shadow_horizontal:0|shadow_vertical:15|shadow_blur:50|shadow_spread:0|box_shadow_color:rgba(0%2C0%2C0%2C0.35)\u00a0\u00bb responsive_styles=\u00a0\u00bbpadding_left_desktop:20|padding_left_tablet:20|padding_right_tablet:20|padding_left_mobile:20|padding_right_mobile:20&Prime; css=\u00a0\u00bb.vc_custom_1768044155834{padding-right: 50px !important;padding-left: 50px !important;}\u00a0\u00bb][dfd_heading style=\u00a0\u00bbstyle_02&Prime; subtitle=\u00a0\u00bbS\u00e9jour\u00a0\u00bb content_alignment=\u00a0\u00bbtext-left\u00a0\u00bb module_animation=\u00a0\u00bbtransition.slideRightBigIn\u00a0\u00bb enable_delimiter=\u00a0\u00bb\u00a0\u00bb undefined=\u00a0\u00bb\u00a0\u00bb title_font_options=\u00a0\u00bbtag:h2|font_size:37|line_height:44|letter_spacing:-1.5&Prime; subtitle_font_options=\u00a0\u00bbtag:h6|font_size:12|color:%23545454&Prime; subheading_margin=\u00a0\u00bbmargin-bottom:10&Prime; title_responsive=\u00a0\u00bbfont_size_tablet:32|line_height_tablet:36|font_size_mobile:25|line_height_mobile:30&Prime; subtitle_responsive=\u00a0\u00bbfont_size_tablet:11|font_size_mobile:10|line_height_mobile:20&Prime;]Plusieurs h\u00e9bergements<br \/>\n<em class=\"dfd-textmodule-featured-decoration\">le m\u00eame accueil<\/em>[\/dfd_heading][dfd_spacer screen_wide_spacer_size=\u00a0\u00bb20&Prime; screen_normal_resolution=\u00a0\u00bb1024&Prime; screen_tablet_resolution=\u00a0\u00bb800&Prime; screen_mobile_resolution=\u00a0\u00bb480&Prime; screen_wide_resolution=\u00a0\u00bb1280&Prime; screen_normal_spacer_size=\u00a0\u00bb20&Prime; screen_tablet_spacer_size=\u00a0\u00bb20&Prime; screen_mobile_spacer_size=\u00a0\u00bb20&Prime;][vc_column_text css=\u00a0\u00bb\u00a0\u00bb item_animation=\u00a0\u00bbtransition.slideRightBigIn\u00a0\u00bb]<\/p>\n<p data-start=\"194\" data-end=\"545\">\u00c0 c\u00f4t\u00e9 de la r\u00e9sidence La Rondinaia, la Tenuta Bellavista Insuese propose \u00e9galement d\u2019autres solutions d\u2019h\u00e9bergement immerg\u00e9es dans la nature. Des maisons rurales historiques et des espaces ind\u00e9pendants, pens\u00e9s pour celles et ceux qui recherchent calme, authenticit\u00e9 et un lien direct avec le paysage toscan, tout en offrant confort et services de qualit\u00e9.<\/p>\n<h3 data-start=\"547\" data-end=\"587\"><\/h3>\n<p>[\/vc_column_text][dfd_spacer screen_wide_spacer_size=\u00a0\u00bb20&Prime; screen_normal_resolution=\u00a0\u00bb1024&Prime; screen_tablet_resolution=\u00a0\u00bb800&Prime; screen_mobile_resolution=\u00a0\u00bb480&Prime; screen_wide_resolution=\u00a0\u00bb1280&Prime; screen_normal_spacer_size=\u00a0\u00bb35&Prime; screen_tablet_spacer_size=\u00a0\u00bb30&Prime; screen_mobile_spacer_size=\u00a0\u00bb30&Prime;][vc_row_inner][vc_column_inner width=\u00a0\u00bb1\/2&Prime;][dfd_info_box content_alignment=\u00a0\u00bbtext-left\u00a0\u00bb module_animation=\u00a0\u00bbtransition.slideRightBigIn\u00a0\u00bb title=\u00a0\u00bbS\u00e9jours de moyenne et longue dur\u00e9e\u00a0\u00bb subtitle=\u00a0\u00bbSe sentir vraiment chez soi\u00a0\u00bb main_content=\u00a0\u00bbDes solutions id\u00e9ales pour des s\u00e9jours prolong\u00e9s, avec des espaces fonctionnels, une intimit\u00e9 et des services pens\u00e9s pour se sentir vraiment chez soi, m\u00eame loin de chez soi.\u00a0\u00bb ic_dfd_icons=\u00a0\u00bbbubbles-Settings\u00a0\u00bb main_style=\u00a0\u00bbstyle-1&Prime; main_layout=\u00a0\u00bblayout-1&Prime; undefined=\u00a0\u00bb\u00a0\u00bb title_font_options=\u00a0\u00bbtag:div\u00a0\u00bb subtitle_font_options=\u00a0\u00bbtag:div\u00a0\u00bb icon_color=\u00a0\u00bb#3b55e6&Prime;][dfd_spacer screen_wide_spacer_size=\u00a0\u00bb0&Prime; screen_normal_resolution=\u00a0\u00bb1024&Prime; screen_tablet_resolution=\u00a0\u00bb800&Prime; screen_mobile_resolution=\u00a0\u00bb480&Prime; screen_wide_resolution=\u00a0\u00bb1280&Prime; screen_normal_spacer_size=\u00a0\u00bb0&Prime; screen_tablet_spacer_size=\u00a0\u00bb0&Prime; screen_mobile_spacer_size=\u00a0\u00bb30&Prime;][\/vc_column_inner][vc_column_inner width=\u00a0\u00bb1\/2&Prime; col_inner_shadow=\u00a0\u00bbbox_shadow_enable:disable|shadow_horizontal:0|shadow_vertical:15|shadow_blur:50|shadow_spread:0|box_shadow_color:rgba(0%2C0%2C0%2C0.35)\u00a0\u00bb col_inner_shadow_hover=\u00a0\u00bbbox_shadow_enable:disable|shadow_horizontal:0|shadow_vertical:15|shadow_blur:50|shadow_spread:0|box_shadow_color:rgba(0%2C0%2C0%2C0.35)\u00a0\u00bb][dfd_info_box content_alignment=\u00a0\u00bbtext-left\u00a0\u00bb module_animation=\u00a0\u00bbtransition.slideRightBigIn\u00a0\u00bb title=\u00a0\u00bbPour les vacances ou le travail\u00a0\u00bb subtitle=\u00a0\u00bbFlexibilit\u00e9 et confort\u00a0\u00bb main_content=\u00a0\u00bbUn s\u00e9jour flexible, adapt\u00e9 aussi bien \u00e0 celles et ceux qui voyagent pour le plaisir qu\u2019\u00e0 ceux qui se d\u00e9placent pour des raisons professionnelles, entre d\u00e9tente et praticit\u00e9.\u00a0\u00bb ic_dfd_icons=\u00a0\u00bbbubbles-Handbag\u00a0\u00bb main_style=\u00a0\u00bbstyle-1&Prime; main_layout=\u00a0\u00bblayout-1&Prime; undefined=\u00a0\u00bb\u00a0\u00bb title_font_options=\u00a0\u00bbtag:div\u00a0\u00bb subtitle_font_options=\u00a0\u00bbtag:div\u00a0\u00bb icon_color=\u00a0\u00bb#3b55e6&Prime;][\/vc_column_inner][\/vc_row_inner][\/vc_column][\/vc_row][vc_row][vc_column][dfd_spacer screen_wide_spacer_size=\u00a0\u00bb10&Prime; screen_normal_resolution=\u00a0\u00bb1024&Prime; screen_tablet_resolution=\u00a0\u00bb800&Prime; screen_mobile_resolution=\u00a0\u00bb480&Prime;][\/vc_column][\/vc_row][vc_row][vc_column][dfd_simple_image_gallery dfd_layer_image=\u00a0\u00bb21453,21447,21444,21441,21438,21450&Prime; items_offset=\u00a0\u00bb0&Prime; image_width=\u00a0\u00bb900&Prime; image_height=\u00a0\u00bb600&Prime; slides_to_show=\u00a0\u00bb3&Prime; slides_to_scroll=\u00a0\u00bb1&Prime; carousel_slideshow_speed=\u00a0\u00bb3000&Prime; images_style=\u00a0\u00bbcarousel\u00a0\u00bb][\/vc_column][\/vc_row]<\/p>\n<\/div>","protected":false},"excerpt":{"rendered":"<p>[vc_row][vc_column][vc_column_text][\/vc_column_text][dfd_spacer screen_wide_spacer_size=\u00a0\u00bb30&Prime; screen_normal_resolution=\u00a0\u00bb1024&Prime; screen_tablet_resolution=\u00a0\u00bb800&Prime; screen_mobile_resolution=\u00a0\u00bb480&Prime;][dfd_single_image image_size=\u00a0\u00bbcustom\u00a0\u00bb image_width=\u00a0\u00bb1920&Prime; image_height=\u00a0\u00bb700&Prime; image=\u00a0\u00bb21459&Prime;][dfd_spacer screen_wide_spacer_size=\u00a0\u00bb10&Prime; screen_normal_resolution=\u00a0\u00bb1024&Prime; screen_tablet_resolution=\u00a0\u00bb800&Prime; screen_mobile_resolution=\u00a0\u00bb480&Prime;][\/vc_column][\/vc_row][vc_row css=\u00a0\u00bb.vc_custom_1768044332583{padding-right: 3% !important;}\u00a0\u00bb][vc_column width=\u00a0\u00bb1\/2&Prime; dfd_column_responsive_enable=\u00a0\u00bbdfd-column-responsive-enable\u00a0\u00bb el_class=\u00a0\u00bbdfd_col-tablet-12&Prime; offset=\u00a0\u00bbvc_col-lg-6 vc_col-md-6 vc_col-xs-12&Prime; col_shadow=\u00a0\u00bbbox_shadow_enable:disable|shadow_horizontal:0|shadow_vertical:15|shadow_blur:50|shadow_spread:0|box_shadow_color:rgba(0%2C0%2C0%2C0.35)\u00a0\u00bb col_shadow_hover=\u00a0\u00bbbox_shadow_enable:disable|shadow_horizontal:0|shadow_vertical:15|shadow_blur:50|shadow_spread:0|box_shadow_color:rgba(0%2C0%2C0%2C0.35)\u00a0\u00bb responsive_styles=\u00a0\u00bbpadding_left_desktop:20|padding_left_tablet:20|padding_right_tablet:20|padding_left_mobile:20|padding_right_mobile:20&Prime; css=\u00a0\u00bb.vc_custom_1768044362641{padding-left: 3% !important;}\u00a0\u00bb][dfd_heading style=\u00a0\u00bbstyle_02&Prime; subtitle=\u00a0\u00bbS\u00e9jour\u00a0\u00bb<\/p>\n","protected":false},"author":1,"featured_media":0,"parent":0,"menu_order":0,"comment_status":"closed","ping_status":"closed","template":"","meta":{"footnotes":""},"class_list":["post-21638","page","type-page","status-publish","hentry"],"_links":{"self":[{"href":"https:\/\/www.t-bio.it\/fr\/wp-json\/wp\/v2\/pages\/21638","targetHints":{"allow":["GET"]}}],"collection":[{"href":"https:\/\/www.t-bio.it\/fr\/wp-json\/wp\/v2\/pages"}],"about":[{"href":"https:\/\/www.t-bio.it\/fr\/wp-json\/wp\/v2\/types\/page"}],"author":[{"embeddable":true,"href":"https:\/\/www.t-bio.it\/fr\/wp-json\/wp\/v2\/users\/1"}],"replies":[{"embeddable":true,"href":"https:\/\/www.t-bio.it\/fr\/wp-json\/wp\/v2\/comments?post=21638"}],"version-history":[{"count":5,"href":"https:\/\/www.t-bio.it\/fr\/wp-json\/wp\/v2\/pages\/21638\/revisions"}],"predecessor-version":[{"id":21763,"href":"https:\/\/www.t-bio.it\/fr\/wp-json\/wp\/v2\/pages\/21638\/revisions\/21763"}],"wp:attachment":[{"href":"https:\/\/www.t-bio.it\/fr\/wp-json\/wp\/v2\/media?parent=21638"}],"curies":[{"name":"wp","href":"https:\/\/api.w.org\/{rel}","templated":true}]}}