{"id":21646,"date":"2026-01-12T16:42:20","date_gmt":"2026-01-12T16:42:20","guid":{"rendered":"https:\/\/www.t-bio.it\/experiences\/"},"modified":"2026-01-28T09:05:50","modified_gmt":"2026-01-28T09:05:50","slug":"experiences","status":"publish","type":"page","link":"https:\/\/www.t-bio.it\/fr\/experiences\/","title":{"rendered":"EXP\u00c9RIENCES"},"content":{"rendered":"<div class=\"wpb-content-wrapper\"><p>[vc_row][vc_column][vc_column_text][\/vc_column_text][dfd_spacer screen_wide_spacer_size=\u00a0\u00bb30&Prime; screen_normal_resolution=\u00a0\u00bb1024&Prime; screen_tablet_resolution=\u00a0\u00bb800&Prime; screen_mobile_resolution=\u00a0\u00bb480&Prime;][dfd_single_image image=\u00a0\u00bb21370&Prime;][dfd_spacer screen_wide_spacer_size=\u00a0\u00bb10&Prime; screen_normal_resolution=\u00a0\u00bb1024&Prime; screen_tablet_resolution=\u00a0\u00bb800&Prime; screen_mobile_resolution=\u00a0\u00bb480&Prime;][\/vc_column][\/vc_row][vc_row css=\u00a0\u00bb.vc_custom_1768044332583{padding-right: 3% !important;}\u00a0\u00bb][vc_column width=\u00a0\u00bb1\/2&Prime; dfd_column_responsive_enable=\u00a0\u00bbdfd-column-responsive-enable\u00a0\u00bb el_class=\u00a0\u00bbdfd_col-tablet-12&Prime; offset=\u00a0\u00bbvc_col-lg-6 vc_col-md-6 vc_col-xs-12&Prime; col_shadow=\u00a0\u00bbbox_shadow_enable:disable|shadow_horizontal:0|shadow_vertical:15|shadow_blur:50|shadow_spread:0|box_shadow_color:rgba(0%2C0%2C0%2C0.35)\u00a0\u00bb col_shadow_hover=\u00a0\u00bbbox_shadow_enable:disable|shadow_horizontal:0|shadow_vertical:15|shadow_blur:50|shadow_spread:0|box_shadow_color:rgba(0%2C0%2C0%2C0.35)\u00a0\u00bb responsive_styles=\u00a0\u00bbpadding_left_desktop:20|padding_left_tablet:20|padding_right_tablet:20|padding_left_mobile:20|padding_right_mobile:20&Prime; css=\u00a0\u00bb.vc_custom_1768044362641{padding-left: 3% !important;}\u00a0\u00bb][dfd_heading style=\u00a0\u00bbstyle_02&Prime; subtitle=\u00a0\u00bbExp\u00e9riences\u00a0\u00bb content_alignment=\u00a0\u00bbtext-left\u00a0\u00bb module_animation=\u00a0\u00bbtransition.slideRightBigIn\u00a0\u00bb enable_delimiter=\u00a0\u00bb\u00a0\u00bb undefined=\u00a0\u00bb\u00a0\u00bb title_font_options=\u00a0\u00bbtag:h2|font_size:37|line_height:44|letter_spacing:-1.5&Prime; subtitle_font_options=\u00a0\u00bbtag:h6|font_size:12|color:%23545454&Prime; subheading_margin=\u00a0\u00bbmargin-bottom:10&Prime; title_responsive=\u00a0\u00bbfont_size_tablet:32|line_height_tablet:36|font_size_mobile:25|line_height_mobile:30&Prime; subtitle_responsive=\u00a0\u00bbfont_size_tablet:11|font_size_mobile:10|line_height_mobile:20&Prime; tutorials=\u00a0\u00bb\u00a0\u00bb]Exp\u00e9riences en pleine nature<br \/>\n<em class=\"dfd-textmodule-featured-decoration\">pour vivre la Tenuta<\/em>[\/dfd_heading][dfd_spacer screen_wide_spacer_size=\u00a0\u00bb20&Prime; screen_normal_resolution=\u00a0\u00bb1024&Prime; screen_tablet_resolution=\u00a0\u00bb800&Prime; screen_mobile_resolution=\u00a0\u00bb480&Prime; screen_wide_resolution=\u00a0\u00bb1280&Prime; screen_normal_spacer_size=\u00a0\u00bb20&Prime; screen_tablet_spacer_size=\u00a0\u00bb20&Prime; screen_mobile_spacer_size=\u00a0\u00bb20&Prime;][vc_column_text css=\u00a0\u00bb\u00a0\u00bb item_animation=\u00a0\u00bbtransition.slideRightBigIn\u00a0\u00bb]<\/p>\n<p data-start=\"204\" data-end=\"515\">Que vous souhaitiez acqu\u00e9rir de nouvelles comp\u00e9tences ou simplement vous d\u00e9tendre au contact de la nature, la Tenuta Bellavista Insuese propose des exp\u00e9riences immersives dans le paysage toscan : parcours naturalistes, activit\u00e9s de plein air et moments d\u00e9di\u00e9s \u00e0 la d\u00e9couverte du territoire et de ses ressources.<\/p>\n<p>[\/vc_column_text][dfd_spacer screen_wide_spacer_size=\u00a0\u00bb20&Prime; screen_normal_resolution=\u00a0\u00bb1024&Prime; screen_tablet_resolution=\u00a0\u00bb800&Prime; screen_mobile_resolution=\u00a0\u00bb480&Prime; screen_wide_resolution=\u00a0\u00bb1280&Prime; screen_normal_spacer_size=\u00a0\u00bb35&Prime; screen_tablet_spacer_size=\u00a0\u00bb30&Prime; screen_mobile_spacer_size=\u00a0\u00bb30&Prime;][vc_row_inner][vc_column_inner width=\u00a0\u00bb1\/2&Prime;][dfd_info_box content_alignment=\u00a0\u00bbtext-left\u00a0\u00bb module_animation=\u00a0\u00bbtransition.slideRightBigIn\u00a0\u00bb title=\u00a0\u00bbAteliers de panification\u00a0\u00bb subtitle=\u00a0\u00bbDes c\u00e9r\u00e9ales anciennes au pain\u00a0\u00bb main_content=\u00a0\u00bbDes exp\u00e9riences pratiques pour red\u00e9couvrir les gestes anciens de la panification, en utilisant des farines biologiques et en privil\u00e9giant des temps longs, en contact direct avec la mati\u00e8re premi\u00e8re.\u00a0\u00bb ic_dfd_icons=\u00a0\u00bbbubbles-Settings\u00a0\u00bb main_style=\u00a0\u00bbstyle-1&Prime; main_layout=\u00a0\u00bblayout-1&Prime; undefined=\u00a0\u00bb\u00a0\u00bb title_font_options=\u00a0\u00bbtag:div\u00a0\u00bb subtitle_font_options=\u00a0\u00bbtag:div\u00a0\u00bb icon_color=\u00a0\u00bb#3b55e6&Prime; tutorials=\u00a0\u00bb\u00a0\u00bb][dfd_spacer screen_wide_spacer_size=\u00a0\u00bb0&Prime; screen_normal_resolution=\u00a0\u00bb1024&Prime; screen_tablet_resolution=\u00a0\u00bb800&Prime; screen_mobile_resolution=\u00a0\u00bb480&Prime; screen_wide_resolution=\u00a0\u00bb1280&Prime; screen_normal_spacer_size=\u00a0\u00bb0&Prime; screen_tablet_spacer_size=\u00a0\u00bb0&Prime; screen_mobile_spacer_size=\u00a0\u00bb30&Prime;][\/vc_column_inner][vc_column_inner width=\u00a0\u00bb1\/2&Prime; col_inner_shadow=\u00a0\u00bbbox_shadow_enable:disable|shadow_horizontal:0|shadow_vertical:15|shadow_blur:50|shadow_spread:0|box_shadow_color:rgba(0%2C0%2C0%2C0.35)\u00a0\u00bb col_inner_shadow_hover=\u00a0\u00bbbox_shadow_enable:disable|shadow_horizontal:0|shadow_vertical:15|shadow_blur:50|shadow_spread:0|box_shadow_color:rgba(0%2C0%2C0%2C0.35)\u00a0\u00bb][dfd_info_box content_alignment=\u00a0\u00bbtext-left\u00a0\u00bb module_animation=\u00a0\u00bbtransition.slideRightBigIn\u00a0\u00bb title=\u00a0\u00bbExp\u00e9rience de survie\u00a0\u00bb subtitle=\u00a0\u00bbApprendre de la nature\u00a0\u00bb main_content=\u00a0\u00bbDes activit\u00e9s guid\u00e9es en plein air pour d\u00e9velopper l\u2019esprit d\u2019observation, la coop\u00e9ration et la conscience environnementale, en vivant le paysage de mani\u00e8re active et responsable.\u00a0\u00bb ic_dfd_icons=\u00a0\u00bbbubbles-Handbag\u00a0\u00bb main_style=\u00a0\u00bbstyle-1&Prime; main_layout=\u00a0\u00bblayout-1&Prime; undefined=\u00a0\u00bb\u00a0\u00bb title_font_options=\u00a0\u00bbtag:div\u00a0\u00bb subtitle_font_options=\u00a0\u00bbtag:div\u00a0\u00bb icon_color=\u00a0\u00bb#3b55e6&Prime; tutorials=\u00a0\u00bb\u00a0\u00bb][\/vc_column_inner][\/vc_row_inner][\/vc_column][vc_column width=\u00a0\u00bb1\/2&Prime; dfd_column_responsive_enable=\u00a0\u00bbdfd-column-responsive-enable\u00a0\u00bb css=\u00a0\u00bb.vc_custom_1479730517150{padding-left: 3% !important;}\u00a0\u00bb col_shadow=\u00a0\u00bbbox_shadow_enable:disable|shadow_horizontal:0|shadow_vertical:15|shadow_blur:50|shadow_spread:0|box_shadow_color:rgba(0%2C0%2C0%2C0.35)\u00a0\u00bb col_shadow_hover=\u00a0\u00bbbox_shadow_enable:disable|shadow_horizontal:0|shadow_vertical:15|shadow_blur:50|shadow_spread:0|box_shadow_color:rgba(0%2C0%2C0%2C0.35)\u00a0\u00bb el_class=\u00a0\u00bbdfd_col-tablet-12&Prime; offset=\u00a0\u00bbvc_col-lg-6 vc_col-md-6 vc_col-xs-12&Prime; responsive_styles=\u00a0\u00bbpadding_right_desktop:20|padding_left_tablet:20|padding_right_tablet:20|padding_left_mobile:20|padding_right_mobile:20&Prime;][dfd_spacer screen_wide_spacer_size=\u00a0\u00bb0&Prime; screen_normal_resolution=\u00a0\u00bb1024&Prime; screen_tablet_resolution=\u00a0\u00bb800&Prime; screen_mobile_resolution=\u00a0\u00bb480&Prime; screen_wide_resolution=\u00a0\u00bb1280&Prime; screen_normal_spacer_size=\u00a0\u00bb40&Prime; screen_tablet_spacer_size=\u00a0\u00bb40&Prime; screen_mobile_spacer_size=\u00a0\u00bb40&Prime;][dfd_single_image hover_style=\u00a0\u00bbdfd-image-scale\u00a0\u00bb image=\u00a0\u00bb21352&Prime;][\/vc_column][\/vc_row][vc_row][vc_column][vc_column_text][\/vc_column_text][\/vc_column][\/vc_row][vc_row][vc_column][vc_column_text][\/vc_column_text][dfd_spacer screen_wide_spacer_size=\u00a0\u00bb30&Prime; screen_normal_resolution=\u00a0\u00bb1024&Prime; screen_tablet_resolution=\u00a0\u00bb800&Prime; screen_mobile_resolution=\u00a0\u00bb480&Prime;][\/vc_column][\/vc_row][vc_row css=\u00a0\u00bb.vc_custom_1768044374713{padding-right: 3% !important;}\u00a0\u00bb][vc_column width=\u00a0\u00bb1\/2&Prime; dfd_column_responsive_enable=\u00a0\u00bbdfd-column-responsive-enable\u00a0\u00bb css=\u00a0\u00bb.vc_custom_1479730517150{padding-left: 3% !important;}\u00a0\u00bb col_shadow=\u00a0\u00bbbox_shadow_enable:disable|shadow_horizontal:0|shadow_vertical:15|shadow_blur:50|shadow_spread:0|box_shadow_color:rgba(0%2C0%2C0%2C0.35)\u00a0\u00bb col_shadow_hover=\u00a0\u00bbbox_shadow_enable:disable|shadow_horizontal:0|shadow_vertical:15|shadow_blur:50|shadow_spread:0|box_shadow_color:rgba(0%2C0%2C0%2C0.35)\u00a0\u00bb el_class=\u00a0\u00bbdfd_col-tablet-12&Prime; offset=\u00a0\u00bbvc_col-lg-6 vc_col-md-6 vc_col-xs-12&Prime; responsive_styles=\u00a0\u00bbpadding_right_desktop:20|padding_left_tablet:20|padding_right_tablet:20|padding_left_mobile:20|padding_right_mobile:20&Prime;][dfd_spacer screen_wide_spacer_size=\u00a0\u00bb0&Prime; screen_normal_resolution=\u00a0\u00bb1024&Prime; screen_tablet_resolution=\u00a0\u00bb800&Prime; screen_mobile_resolution=\u00a0\u00bb480&Prime; screen_wide_resolution=\u00a0\u00bb1280&Prime; screen_normal_spacer_size=\u00a0\u00bb40&Prime; screen_tablet_spacer_size=\u00a0\u00bb40&Prime; screen_mobile_spacer_size=\u00a0\u00bb40&Prime;][dfd_single_image hover_style=\u00a0\u00bbdfd-image-scale\u00a0\u00bb image=\u00a0\u00bb21358&Prime;][\/vc_column][vc_column width=\u00a0\u00bb1\/2&Prime; dfd_column_responsive_enable=\u00a0\u00bbdfd-column-responsive-enable\u00a0\u00bb el_class=\u00a0\u00bbdfd_col-tablet-12&Prime; offset=\u00a0\u00bbvc_col-lg-6 vc_col-md-6 vc_col-xs-12&Prime; col_shadow=\u00a0\u00bbbox_shadow_enable:disable|shadow_horizontal:0|shadow_vertical:15|shadow_blur:50|shadow_spread:0|box_shadow_color:rgba(0%2C0%2C0%2C0.35)\u00a0\u00bb col_shadow_hover=\u00a0\u00bbbox_shadow_enable:disable|shadow_horizontal:0|shadow_vertical:15|shadow_blur:50|shadow_spread:0|box_shadow_color:rgba(0%2C0%2C0%2C0.35)\u00a0\u00bb responsive_styles=\u00a0\u00bbpadding_left_desktop:20|padding_left_tablet:20|padding_right_tablet:20|padding_left_mobile:20|padding_right_mobile:20&Prime; css=\u00a0\u00bb.vc_custom_1768044155834{padding-right: 50px !important;padding-left: 50px !important;}\u00a0\u00bb][dfd_heading style=\u00a0\u00bbstyle_02&Prime; subtitle=\u00a0\u00bbExp\u00e9riences\u00a0\u00bb content_alignment=\u00a0\u00bbtext-left\u00a0\u00bb module_animation=\u00a0\u00bbtransition.slideRightBigIn\u00a0\u00bb enable_delimiter=\u00a0\u00bb\u00a0\u00bb undefined=\u00a0\u00bb\u00a0\u00bb title_font_options=\u00a0\u00bbtag:h2|font_size:37|line_height:44|letter_spacing:-1.5&Prime; subtitle_font_options=\u00a0\u00bbtag:h6|font_size:12|color:%23545454&Prime; subheading_margin=\u00a0\u00bbmargin-bottom:10&Prime; title_responsive=\u00a0\u00bbfont_size_tablet:32|line_height_tablet:36|font_size_mobile:25|line_height_mobile:30&Prime; subtitle_responsive=\u00a0\u00bbfont_size_tablet:11|font_size_mobile:10|line_height_mobile:20&Prime; tutorials=\u00a0\u00bb\u00a0\u00bb]Des moments \u00e0 partager<br \/>\n<em class=\"dfd-textmodule-featured-decoration\">pour se red\u00e9couvrir<\/em>[\/dfd_heading][dfd_spacer screen_wide_spacer_size=\u00a0\u00bb20&Prime; screen_normal_resolution=\u00a0\u00bb1024&Prime; screen_tablet_resolution=\u00a0\u00bb800&Prime; screen_mobile_resolution=\u00a0\u00bb480&Prime; screen_wide_resolution=\u00a0\u00bb1280&Prime; screen_normal_spacer_size=\u00a0\u00bb20&Prime; screen_tablet_spacer_size=\u00a0\u00bb20&Prime; screen_mobile_spacer_size=\u00a0\u00bb20&Prime;][vc_column_text css=\u00a0\u00bb\u00a0\u00bb item_animation=\u00a0\u00bbtransition.slideRightBigIn\u00a0\u00bb]<\/p>\n<p data-start=\"187\" data-end=\"557\">Au-del\u00e0 des activit\u00e9s et des ateliers, la Tenuta Bellavista Insuese propose des exp\u00e9riences pens\u00e9es pour tous les \u00e2ges : des promenades le long des sentiers \u00e0 la d\u00e9couverte de l\u2019avifaune de l\u2019Oasis de la Contessa, jusqu\u2019aux moments de jeu, de d\u00e9tente et de d\u00e9couverte au lac Alberto. Autant d\u2019occasions de ralentir, d\u2019explorer et de cr\u00e9er des souvenirs immerg\u00e9s dans le paysage toscan.<\/p>\n<p>[\/vc_column_text][dfd_spacer screen_wide_spacer_size=\u00a0\u00bb20&Prime; screen_normal_resolution=\u00a0\u00bb1024&Prime; screen_tablet_resolution=\u00a0\u00bb800&Prime; screen_mobile_resolution=\u00a0\u00bb480&Prime; screen_wide_resolution=\u00a0\u00bb1280&Prime; screen_normal_spacer_size=\u00a0\u00bb35&Prime; screen_tablet_spacer_size=\u00a0\u00bb30&Prime; screen_mobile_spacer_size=\u00a0\u00bb30&Prime;][vc_row_inner][vc_column_inner width=\u00a0\u00bb1\/2&Prime;][dfd_info_box content_alignment=\u00a0\u00bbtext-left\u00a0\u00bb module_animation=\u00a0\u00bbtransition.slideRightBigIn\u00a0\u00bb title=\u00a0\u00bbBain de for\u00eat et m\u00e9ditation\u00a0\u00bb subtitle=\u00a0\u00bbSe reconnecter \u00e0 soi-m\u00eame\u00a0\u00bb main_content=\u00a0\u00bbDes parcours lents et guid\u00e9s pour ralentir, \u00e9couter la nature et retrouver l\u2019\u00e9quilibre \u00e0 travers un contact direct avec l\u2019environnement de la Tenuta.\u00a0\u00bb ic_dfd_icons=\u00a0\u00bbbubbles-Settings\u00a0\u00bb main_style=\u00a0\u00bbstyle-1&Prime; main_layout=\u00a0\u00bblayout-1&Prime; undefined=\u00a0\u00bb\u00a0\u00bb title_font_options=\u00a0\u00bbtag:div\u00a0\u00bb subtitle_font_options=\u00a0\u00bbtag:div\u00a0\u00bb icon_color=\u00a0\u00bb#3b55e6&Prime; tutorials=\u00a0\u00bb\u00a0\u00bb][dfd_spacer screen_wide_spacer_size=\u00a0\u00bb0&Prime; screen_normal_resolution=\u00a0\u00bb1024&Prime; screen_tablet_resolution=\u00a0\u00bb800&Prime; screen_mobile_resolution=\u00a0\u00bb480&Prime; screen_wide_resolution=\u00a0\u00bb1280&Prime; screen_normal_spacer_size=\u00a0\u00bb0&Prime; screen_tablet_spacer_size=\u00a0\u00bb0&Prime; screen_mobile_spacer_size=\u00a0\u00bb30&Prime;][\/vc_column_inner][vc_column_inner width=\u00a0\u00bb1\/2&Prime; col_inner_shadow=\u00a0\u00bbbox_shadow_enable:disable|shadow_horizontal:0|shadow_vertical:15|shadow_blur:50|shadow_spread:0|box_shadow_color:rgba(0%2C0%2C0%2C0.35)\u00a0\u00bb col_inner_shadow_hover=\u00a0\u00bbbox_shadow_enable:disable|shadow_horizontal:0|shadow_vertical:15|shadow_blur:50|shadow_spread:0|box_shadow_color:rgba(0%2C0%2C0%2C0.35)\u00a0\u00bb][dfd_info_box content_alignment=\u00a0\u00bbtext-left\u00a0\u00bb module_animation=\u00a0\u00bbtransition.slideRightBigIn\u00a0\u00bb title=\u00a0\u00bbObservation des oiseaux\u00a0\u00bb subtitle=\u00a0\u00bbObserver la biodiversit\u00e9\u00a0\u00bb main_content=\u00a0\u00bbDes exp\u00e9riences d\u2019observation de l\u2019avifaune dans la R\u00e9serve naturelle r\u00e9gionale \u00ab Oasi della Contessa \u00bb, pour d\u00e9couvrir diff\u00e9rentes esp\u00e8ces et vivre la nature en pleine conscience.\u00a0\u00bb ic_dfd_icons=\u00a0\u00bbbubbles-Handbag\u00a0\u00bb main_style=\u00a0\u00bbstyle-1&Prime; main_layout=\u00a0\u00bblayout-1&Prime; undefined=\u00a0\u00bb\u00a0\u00bb title_font_options=\u00a0\u00bbtag:div\u00a0\u00bb subtitle_font_options=\u00a0\u00bbtag:div\u00a0\u00bb icon_color=\u00a0\u00bb#3b55e6&Prime; tutorials=\u00a0\u00bb\u00a0\u00bb][\/vc_column_inner][\/vc_row_inner][\/vc_column][\/vc_row][vc_row][vc_column][dfd_spacer screen_wide_spacer_size=\u00a0\u00bb20&Prime; screen_normal_resolution=\u00a0\u00bb1024&Prime; screen_tablet_resolution=\u00a0\u00bb800&Prime; screen_mobile_resolution=\u00a0\u00bb480&Prime;][\/vc_column][\/vc_row][vc_row][vc_column][dfd_simple_image_gallery dfd_layer_image=\u00a0\u00bb21364,21361,21358,21349,21346&Prime; items_offset=\u00a0\u00bb0&Prime; image_width=\u00a0\u00bb900&Prime; image_height=\u00a0\u00bb600&Prime; slides_to_show=\u00a0\u00bb3&Prime; slides_to_scroll=\u00a0\u00bb1&Prime; carousel_slideshow_speed=\u00a0\u00bb3000&Prime; images_style=\u00a0\u00bbcarousel\u00a0\u00bb][\/vc_column][\/vc_row]<\/p>\n<\/div>","protected":false},"excerpt":{"rendered":"<p>[vc_row][vc_column][vc_column_text][\/vc_column_text][dfd_spacer screen_wide_spacer_size=\u00a0\u00bb30&Prime; screen_normal_resolution=\u00a0\u00bb1024&Prime; screen_tablet_resolution=\u00a0\u00bb800&Prime; screen_mobile_resolution=\u00a0\u00bb480&Prime;][dfd_single_image image=\u00a0\u00bb21370&Prime;][dfd_spacer screen_wide_spacer_size=\u00a0\u00bb10&Prime; screen_normal_resolution=\u00a0\u00bb1024&Prime; screen_tablet_resolution=\u00a0\u00bb800&Prime; screen_mobile_resolution=\u00a0\u00bb480&Prime;][\/vc_column][\/vc_row][vc_row css=\u00a0\u00bb.vc_custom_1768044332583{padding-right: 3% !important;}\u00a0\u00bb][vc_column width=\u00a0\u00bb1\/2&Prime; dfd_column_responsive_enable=\u00a0\u00bbdfd-column-responsive-enable\u00a0\u00bb el_class=\u00a0\u00bbdfd_col-tablet-12&Prime; offset=\u00a0\u00bbvc_col-lg-6 vc_col-md-6 vc_col-xs-12&Prime; col_shadow=\u00a0\u00bbbox_shadow_enable:disable|shadow_horizontal:0|shadow_vertical:15|shadow_blur:50|shadow_spread:0|box_shadow_color:rgba(0%2C0%2C0%2C0.35)\u00a0\u00bb col_shadow_hover=\u00a0\u00bbbox_shadow_enable:disable|shadow_horizontal:0|shadow_vertical:15|shadow_blur:50|shadow_spread:0|box_shadow_color:rgba(0%2C0%2C0%2C0.35)\u00a0\u00bb responsive_styles=\u00a0\u00bbpadding_left_desktop:20|padding_left_tablet:20|padding_right_tablet:20|padding_left_mobile:20|padding_right_mobile:20&Prime; css=\u00a0\u00bb.vc_custom_1768044362641{padding-left: 3% !important;}\u00a0\u00bb][dfd_heading style=\u00a0\u00bbstyle_02&Prime; subtitle=\u00a0\u00bbExp\u00e9riences\u00a0\u00bb content_alignment=\u00a0\u00bbtext-left\u00a0\u00bb module_animation=\u00a0\u00bbtransition.slideRightBigIn\u00a0\u00bb enable_delimiter=\u00a0\u00bb\u00a0\u00bb<\/p>\n","protected":false},"author":1,"featured_media":0,"parent":0,"menu_order":0,"comment_status":"closed","ping_status":"closed","template":"","meta":{"footnotes":""},"class_list":["post-21646","page","type-page","status-publish","hentry"],"_links":{"self":[{"href":"https:\/\/www.t-bio.it\/fr\/wp-json\/wp\/v2\/pages\/21646","targetHints":{"allow":["GET"]}}],"collection":[{"href":"https:\/\/www.t-bio.it\/fr\/wp-json\/wp\/v2\/pages"}],"about":[{"href":"https:\/\/www.t-bio.it\/fr\/wp-json\/wp\/v2\/types\/page"}],"author":[{"embeddable":true,"href":"https:\/\/www.t-bio.it\/fr\/wp-json\/wp\/v2\/users\/1"}],"replies":[{"embeddable":true,"href":"https:\/\/www.t-bio.it\/fr\/wp-json\/wp\/v2\/comments?post=21646"}],"version-history":[{"count":4,"href":"https:\/\/www.t-bio.it\/fr\/wp-json\/wp\/v2\/pages\/21646\/revisions"}],"predecessor-version":[{"id":21762,"href":"https:\/\/www.t-bio.it\/fr\/wp-json\/wp\/v2\/pages\/21646\/revisions\/21762"}],"wp:attachment":[{"href":"https:\/\/www.t-bio.it\/fr\/wp-json\/wp\/v2\/media?parent=21646"}],"curies":[{"name":"wp","href":"https:\/\/api.w.org\/{rel}","templated":true}]}}