{"id":21662,"date":"2026-01-12T16:41:28","date_gmt":"2026-01-12T16:41:28","guid":{"rendered":"https:\/\/www.t-bio.it\/prodotti-bio\/"},"modified":"2026-01-27T19:54:09","modified_gmt":"2026-01-27T19:54:09","slug":"produits-biologiques","status":"publish","type":"page","link":"https:\/\/www.t-bio.it\/fr\/produits-biologiques\/","title":{"rendered":"PRODUITS BIOLOGIQUES"},"content":{"rendered":"<div class=\"wpb-content-wrapper\"><p>[vc_row][vc_column][dfd_spacer screen_wide_spacer_size=\u00a0\u00bb30&Prime; screen_normal_resolution=\u00a0\u00bb1024&Prime; screen_tablet_resolution=\u00a0\u00bb800&Prime; screen_mobile_resolution=\u00a0\u00bb480&Prime;][dfd_single_image image_size=\u00a0\u00bbcustom\u00a0\u00bb image_width=\u00a0\u00bb1920&Prime; image_height=\u00a0\u00bb700&Prime; image=\u00a0\u00bb21338&Prime;][\/vc_column][\/vc_row][vc_row][vc_column][vc_column_text][\/vc_column_text][dfd_spacer screen_wide_spacer_size=\u00a0\u00bb30&Prime; screen_normal_resolution=\u00a0\u00bb1024&Prime; screen_tablet_resolution=\u00a0\u00bb800&Prime; screen_mobile_resolution=\u00a0\u00bb480&Prime;][\/vc_column][\/vc_row][vc_row css=\u00a0\u00bb.vc_custom_1768044332583{padding-right: 3% !important;}\u00a0\u00bb][vc_column width=\u00a0\u00bb1\/2&Prime; dfd_column_responsive_enable=\u00a0\u00bbdfd-column-responsive-enable\u00a0\u00bb el_class=\u00a0\u00bbdfd_col-tablet-12&Prime; offset=\u00a0\u00bbvc_col-lg-6 vc_col-md-6 vc_col-xs-12&Prime; col_shadow=\u00a0\u00bbbox_shadow_enable:disable|shadow_horizontal:0|shadow_vertical:15|shadow_blur:50|shadow_spread:0|box_shadow_color:rgba(0%2C0%2C0%2C0.35)\u00a0\u00bb col_shadow_hover=\u00a0\u00bbbox_shadow_enable:disable|shadow_horizontal:0|shadow_vertical:15|shadow_blur:50|shadow_spread:0|box_shadow_color:rgba(0%2C0%2C0%2C0.35)\u00a0\u00bb responsive_styles=\u00a0\u00bbpadding_left_desktop:20|padding_left_tablet:20|padding_right_tablet:20|padding_left_mobile:20|padding_right_mobile:20&Prime; css=\u00a0\u00bb.vc_custom_1768044362641{padding-left: 3% !important;}\u00a0\u00bb][dfd_heading style=\u00a0\u00bbstyle_02&Prime; subtitle=\u00a0\u00bbProduits biologiques\u00a0\u00bb content_alignment=\u00a0\u00bbtext-left\u00a0\u00bb module_animation=\u00a0\u00bbtransition.slideRightBigIn\u00a0\u00bb enable_delimiter=\u00a0\u00bb\u00a0\u00bb undefined=\u00a0\u00bb\u00a0\u00bb title_font_options=\u00a0\u00bbtag:h2|font_size:37|line_height:44|letter_spacing:-1.5&Prime; subtitle_font_options=\u00a0\u00bbtag:h6|font_size:12|color:%23545454&Prime; subheading_margin=\u00a0\u00bbmargin-bottom:10&Prime; title_responsive=\u00a0\u00bbfont_size_tablet:32|line_height_tablet:36|font_size_mobile:25|line_height_mobile:30&Prime; subtitle_responsive=\u00a0\u00bbfont_size_tablet:11|font_size_mobile:10|line_height_mobile:20&Prime;]Les farines de c\u00e9r\u00e9ales anciennes<br \/>\n<em class=\"dfd-textmodule-featured-decoration\">moulues sur pierre<\/em>[\/dfd_heading][dfd_spacer screen_wide_spacer_size=\u00a0\u00bb20&Prime; screen_normal_resolution=\u00a0\u00bb1024&Prime; screen_tablet_resolution=\u00a0\u00bb800&Prime; screen_mobile_resolution=\u00a0\u00bb480&Prime; screen_wide_resolution=\u00a0\u00bb1280&Prime; screen_normal_spacer_size=\u00a0\u00bb20&Prime; screen_tablet_spacer_size=\u00a0\u00bb20&Prime; screen_mobile_spacer_size=\u00a0\u00bb20&Prime;][vc_column_text css=\u00a0\u00bb\u00a0\u00bb item_animation=\u00a0\u00bbtransition.slideRightBigIn\u00a0\u00bb]<\/p>\n<p data-start=\"244\" data-end=\"525\">\u00c0 partir de nos champs, nous produisons des <strong>farines semi-compl\u00e8tes de type 2<\/strong>, moulues sur pierre, id\u00e9ales pour une alimentation saine et consciente. Biologiques et compl\u00e8tes, elles sont parfaites pour celles et ceux qui recherchent go\u00fbt, digestibilit\u00e9 et qualit\u00e9 dans leur alimentation.<\/p>\n<h3 data-start=\"527\" data-end=\"552\"><\/h3>\n<p>[\/vc_column_text][dfd_spacer screen_wide_spacer_size=\u00a0\u00bb20&Prime; screen_normal_resolution=\u00a0\u00bb1024&Prime; screen_tablet_resolution=\u00a0\u00bb800&Prime; screen_mobile_resolution=\u00a0\u00bb480&Prime; screen_wide_resolution=\u00a0\u00bb1280&Prime; screen_normal_spacer_size=\u00a0\u00bb35&Prime; screen_tablet_spacer_size=\u00a0\u00bb30&Prime; screen_mobile_spacer_size=\u00a0\u00bb30&Prime;][vc_row_inner][vc_column_inner width=\u00a0\u00bb1\/2&Prime; col_inner_shadow=\u00a0\u00bbbox_shadow_enable:disable|shadow_horizontal:0|shadow_vertical:15|shadow_blur:50|shadow_spread:0|box_shadow_color:rgba(0%2C0%2C0%2C0.35)\u00a0\u00bb col_inner_shadow_hover=\u00a0\u00bbbox_shadow_enable:disable|shadow_horizontal:0|shadow_vertical:15|shadow_blur:50|shadow_spread:0|box_shadow_color:rgba(0%2C0%2C0%2C0.35)\u00a0\u00bb][dfd_info_box content_alignment=\u00a0\u00bbtext-left\u00a0\u00bb module_animation=\u00a0\u00bbtransition.slideRightBigIn\u00a0\u00bb title=\u00a0\u00bbAchetez nos farines\u00a0\u00bb subtitle=\u00a0\u00bbConditionnements de 1 \u00e0 10 kg\u00a0\u00bb main_content=\u00a0\u00bbIl est possible d\u2019acheter nos farines de c\u00e9r\u00e9ales anciennes directement \u00e0 la ferme, via della Chiesa 93, Guasticce (LI), sur rendez-vous, en nous contactant par e-mail (info@tenutabellavistainsuese.it) ou via WhatsApp au +39 393 145 7100.\u00a0\u00bb ic_dfd_icons=\u00a0\u00bbbubbles-Handbag\u00a0\u00bb main_style=\u00a0\u00bbstyle-1&Prime; main_layout=\u00a0\u00bblayout-1&Prime; undefined=\u00a0\u00bb\u00a0\u00bb title_font_options=\u00a0\u00bbtag:div\u00a0\u00bb subtitle_font_options=\u00a0\u00bbtag:div\u00a0\u00bb icon_color=\u00a0\u00bb#3b55e6&Prime;][\/vc_column_inner][vc_column_inner width=\u00a0\u00bb1\/2&Prime;][dfd_info_box content_alignment=\u00a0\u00bbtext-left\u00a0\u00bb module_animation=\u00a0\u00bbtransition.slideRightBigIn\u00a0\u00bb title=\u00a0\u00bbLe levain naturel\u00a0\u00bb subtitle=\u00a0\u00bbDisponible sur demande\u00a0\u00bb main_content=\u00a0\u00bbSur demande, nous fournissons \u00e9galement notre levain naturel s\u00e9ch\u00e9 ultra-centenaire, ainsi que la recette pour r\u00e9aliser du pain avec nos farines de c\u00e9r\u00e9ales anciennes. \u00c0 noter que pour les coffrets sp\u00e9ciaux (No\u00ebl et autres p\u00e9riodes), un co\u00fbt suppl\u00e9mentaire de 2 \u00e0 6 euros peut \u00eatre appliqu\u00e9 selon le format.\u00a0\u00bb ic_dfd_icons=\u00a0\u00bbbubbles-Settings\u00a0\u00bb main_style=\u00a0\u00bbstyle-1&Prime; main_layout=\u00a0\u00bblayout-1&Prime; undefined=\u00a0\u00bb\u00a0\u00bb title_font_options=\u00a0\u00bbtag:div\u00a0\u00bb subtitle_font_options=\u00a0\u00bbtag:div\u00a0\u00bb icon_color=\u00a0\u00bb#3b55e6&Prime; tutorials=\u00a0\u00bb\u00a0\u00bb][dfd_spacer screen_wide_spacer_size=\u00a0\u00bb0&Prime; screen_normal_resolution=\u00a0\u00bb1024&Prime; screen_tablet_resolution=\u00a0\u00bb800&Prime; screen_mobile_resolution=\u00a0\u00bb480&Prime; screen_wide_resolution=\u00a0\u00bb1280&Prime; screen_normal_spacer_size=\u00a0\u00bb0&Prime; screen_tablet_spacer_size=\u00a0\u00bb0&Prime; screen_mobile_spacer_size=\u00a0\u00bb30&Prime;][\/vc_column_inner][\/vc_row_inner][\/vc_column][vc_column width=\u00a0\u00bb1\/2&Prime; dfd_column_responsive_enable=\u00a0\u00bbdfd-column-responsive-enable\u00a0\u00bb css=\u00a0\u00bb.vc_custom_1479730517150{padding-left: 3% !important;}\u00a0\u00bb col_shadow=\u00a0\u00bbbox_shadow_enable:disable|shadow_horizontal:0|shadow_vertical:15|shadow_blur:50|shadow_spread:0|box_shadow_color:rgba(0%2C0%2C0%2C0.35)\u00a0\u00bb col_shadow_hover=\u00a0\u00bbbox_shadow_enable:disable|shadow_horizontal:0|shadow_vertical:15|shadow_blur:50|shadow_spread:0|box_shadow_color:rgba(0%2C0%2C0%2C0.35)\u00a0\u00bb el_class=\u00a0\u00bbdfd_col-tablet-12&Prime; offset=\u00a0\u00bbvc_col-lg-6 vc_col-md-6 vc_col-xs-12&Prime; responsive_styles=\u00a0\u00bbpadding_right_desktop:20|padding_left_tablet:20|padding_right_tablet:20|padding_left_mobile:20|padding_right_mobile:20&Prime;][dfd_spacer screen_wide_spacer_size=\u00a0\u00bb0&Prime; screen_normal_resolution=\u00a0\u00bb1024&Prime; screen_tablet_resolution=\u00a0\u00bb800&Prime; screen_mobile_resolution=\u00a0\u00bb480&Prime; screen_wide_resolution=\u00a0\u00bb1280&Prime; screen_normal_spacer_size=\u00a0\u00bb40&Prime; screen_tablet_spacer_size=\u00a0\u00bb40&Prime; screen_mobile_spacer_size=\u00a0\u00bb40&Prime;][dfd_single_image hover_style=\u00a0\u00bbdfd-image-scale\u00a0\u00bb image=\u00a0\u00bb21317&Prime;][\/vc_column][\/vc_row][vc_row][vc_column][vc_column_text][\/vc_column_text][\/vc_column][\/vc_row][vc_row][vc_column][dfd_spacer screen_wide_spacer_size=\u00a0\u00bb30&Prime; screen_normal_resolution=\u00a0\u00bb1024&Prime; screen_tablet_resolution=\u00a0\u00bb800&Prime; screen_mobile_resolution=\u00a0\u00bb480&Prime;][dfd_spacer screen_wide_spacer_size=\u00a0\u00bb30&Prime; screen_normal_resolution=\u00a0\u00bb1024&Prime; screen_tablet_resolution=\u00a0\u00bb800&Prime; screen_mobile_resolution=\u00a0\u00bb480&Prime;][\/vc_column][\/vc_row][vc_row css=\u00a0\u00bb.vc_custom_1768044374713{padding-right: 3% !important;}\u00a0\u00bb][vc_column width=\u00a0\u00bb1\/2&Prime; dfd_column_responsive_enable=\u00a0\u00bbdfd-column-responsive-enable\u00a0\u00bb css=\u00a0\u00bb.vc_custom_1479730517150{padding-left: 3% !important;}\u00a0\u00bb col_shadow=\u00a0\u00bbbox_shadow_enable:disable|shadow_horizontal:0|shadow_vertical:15|shadow_blur:50|shadow_spread:0|box_shadow_color:rgba(0%2C0%2C0%2C0.35)\u00a0\u00bb col_shadow_hover=\u00a0\u00bbbox_shadow_enable:disable|shadow_horizontal:0|shadow_vertical:15|shadow_blur:50|shadow_spread:0|box_shadow_color:rgba(0%2C0%2C0%2C0.35)\u00a0\u00bb el_class=\u00a0\u00bbdfd_col-tablet-12&Prime; offset=\u00a0\u00bbvc_col-lg-6 vc_col-md-6 vc_col-xs-12&Prime; responsive_styles=\u00a0\u00bbpadding_right_desktop:20|padding_left_tablet:20|padding_right_tablet:20|padding_left_mobile:20|padding_right_mobile:20&Prime;][dfd_spacer screen_wide_spacer_size=\u00a0\u00bb0&Prime; screen_normal_resolution=\u00a0\u00bb1024&Prime; screen_tablet_resolution=\u00a0\u00bb800&Prime; screen_mobile_resolution=\u00a0\u00bb480&Prime; screen_wide_resolution=\u00a0\u00bb1280&Prime; screen_normal_spacer_size=\u00a0\u00bb40&Prime; screen_tablet_spacer_size=\u00a0\u00bb40&Prime; screen_mobile_spacer_size=\u00a0\u00bb40&Prime;][dfd_single_image hover_style=\u00a0\u00bbdfd-image-scale\u00a0\u00bb image=\u00a0\u00bb21332&Prime;][\/vc_column][vc_column width=\u00a0\u00bb1\/2&Prime; dfd_column_responsive_enable=\u00a0\u00bbdfd-column-responsive-enable\u00a0\u00bb el_class=\u00a0\u00bbdfd_col-tablet-12&Prime; offset=\u00a0\u00bbvc_col-lg-6 vc_col-md-6 vc_col-xs-12&Prime; col_shadow=\u00a0\u00bbbox_shadow_enable:disable|shadow_horizontal:0|shadow_vertical:15|shadow_blur:50|shadow_spread:0|box_shadow_color:rgba(0%2C0%2C0%2C0.35)\u00a0\u00bb col_shadow_hover=\u00a0\u00bbbox_shadow_enable:disable|shadow_horizontal:0|shadow_vertical:15|shadow_blur:50|shadow_spread:0|box_shadow_color:rgba(0%2C0%2C0%2C0.35)\u00a0\u00bb responsive_styles=\u00a0\u00bbpadding_left_desktop:20|padding_left_tablet:20|padding_right_tablet:20|padding_left_mobile:20|padding_right_mobile:20&Prime; css=\u00a0\u00bb.vc_custom_1768044155834{padding-right: 50px !important;padding-left: 50px !important;}\u00a0\u00bb][dfd_heading style=\u00a0\u00bbstyle_02&Prime; subtitle=\u00a0\u00bbProduits biologiques\u00a0\u00bb content_alignment=\u00a0\u00bbtext-left\u00a0\u00bb module_animation=\u00a0\u00bbtransition.slideRightBigIn\u00a0\u00bb enable_delimiter=\u00a0\u00bb\u00a0\u00bb undefined=\u00a0\u00bb\u00a0\u00bb title_font_options=\u00a0\u00bbtag:h2|font_size:37|line_height:44|letter_spacing:-1.5&Prime; subtitle_font_options=\u00a0\u00bbtag:h6|font_size:12|color:%23545454&Prime; subheading_margin=\u00a0\u00bbmargin-bottom:10&Prime; title_responsive=\u00a0\u00bbfont_size_tablet:32|line_height_tablet:36|font_size_mobile:25|line_height_mobile:30&Prime; subtitle_responsive=\u00a0\u00bbfont_size_tablet:11|font_size_mobile:10|line_height_mobile:20&Prime;]L\u2019huile d\u2019olive extra vierge \u00ab\u00a0Olea\u00a0\u00bb<br \/>\n<em class=\"dfd-textmodule-featured-decoration\">press\u00e9e \u00e0 froid<\/em>[\/dfd_heading][dfd_spacer screen_wide_spacer_size=\u00a0\u00bb20&Prime; screen_normal_resolution=\u00a0\u00bb1024&Prime; screen_tablet_resolution=\u00a0\u00bb800&Prime; screen_mobile_resolution=\u00a0\u00bb480&Prime; screen_wide_resolution=\u00a0\u00bb1280&Prime; screen_normal_spacer_size=\u00a0\u00bb20&Prime; screen_tablet_spacer_size=\u00a0\u00bb20&Prime; screen_mobile_spacer_size=\u00a0\u00bb20&Prime;][vc_column_text css=\u00a0\u00bb\u00a0\u00bb item_animation=\u00a0\u00bbtransition.slideRightBigIn\u00a0\u00bb]<\/p>\n<p data-start=\"235\" data-end=\"420\">\u00c0 partir de nos olives, r\u00e9colt\u00e9es \u00e0 la main et press\u00e9es \u00e0 froid dans les heures qui suivent, na\u00eet l\u2019<strong>huile d\u2019olive extra vierge \u00ab Olea \u00bb<\/strong>, un produit d\u2019excellence qui raconte notre terre.<\/p>\n<h3 data-start=\"422\" data-end=\"447\"><\/h3>\n<p>[\/vc_column_text][dfd_spacer screen_wide_spacer_size=\u00a0\u00bb20&Prime; screen_normal_resolution=\u00a0\u00bb1024&Prime; screen_tablet_resolution=\u00a0\u00bb800&Prime; screen_mobile_resolution=\u00a0\u00bb480&Prime; screen_wide_resolution=\u00a0\u00bb1280&Prime; screen_normal_spacer_size=\u00a0\u00bb35&Prime; screen_tablet_spacer_size=\u00a0\u00bb30&Prime; screen_mobile_spacer_size=\u00a0\u00bb30&Prime;][vc_row_inner][vc_column_inner width=\u00a0\u00bb1\/2&Prime;][dfd_info_box content_alignment=\u00a0\u00bbtext-left\u00a0\u00bb module_animation=\u00a0\u00bbtransition.slideRightBigIn\u00a0\u00bb title=\u00a0\u00bbAchetez notre huile\u00a0\u00bb subtitle=\u00a0\u00bbConditionnements de 0,1 \u00e0 3 litres\u00a0\u00bb main_content=\u00a0\u00bbIl est possible d\u2019acheter l\u2019huile d\u2019olive extra vierge Olea directement \u00e0 la ferme, via della Chiesa 93, Guasticce (LI), sur rendez-vous, en nous contactant par e-mail (info@tenutabellavistainsuese.it) ou via WhatsApp au +39 393 145 7100.\u00a0\u00bb ic_dfd_icons=\u00a0\u00bbbubbles-Settings\u00a0\u00bb main_style=\u00a0\u00bbstyle-1&Prime; main_layout=\u00a0\u00bblayout-1&Prime; undefined=\u00a0\u00bb\u00a0\u00bb title_font_options=\u00a0\u00bbtag:div\u00a0\u00bb subtitle_font_options=\u00a0\u00bbtag:div\u00a0\u00bb icon_color=\u00a0\u00bb#3b55e6&Prime;][dfd_spacer screen_wide_spacer_size=\u00a0\u00bb0&Prime; screen_normal_resolution=\u00a0\u00bb1024&Prime; screen_tablet_resolution=\u00a0\u00bb800&Prime; screen_mobile_resolution=\u00a0\u00bb480&Prime; screen_wide_resolution=\u00a0\u00bb1280&Prime; screen_normal_spacer_size=\u00a0\u00bb0&Prime; screen_tablet_spacer_size=\u00a0\u00bb0&Prime; screen_mobile_spacer_size=\u00a0\u00bb30&Prime;][\/vc_column_inner][vc_column_inner width=\u00a0\u00bb1\/2&Prime; col_inner_shadow=\u00a0\u00bbbox_shadow_enable:disable|shadow_horizontal:0|shadow_vertical:15|shadow_blur:50|shadow_spread:0|box_shadow_color:rgba(0%2C0%2C0%2C0.35)\u00a0\u00bb col_inner_shadow_hover=\u00a0\u00bbbox_shadow_enable:disable|shadow_horizontal:0|shadow_vertical:15|shadow_blur:50|shadow_spread:0|box_shadow_color:rgba(0%2C0%2C0%2C0.35)\u00a0\u00bb][dfd_info_box content_alignment=\u00a0\u00bbtext-left\u00a0\u00bb module_animation=\u00a0\u00bbtransition.slideRightBigIn\u00a0\u00bb title=\u00a0\u00bbLes diff\u00e9rents formats\u00a0\u00bb subtitle=\u00a0\u00bbEn verre, en bidon et en \u00e9cobox\u00a0\u00bb main_content=\u00a0\u00bbDu format mignon (0,10 litre, en bidon) \u00e0 la grande \u00e9cobox de 3 litres en carton, en passant par les bouteilles de 0,25 litre et 0,50 litre : de nombreux formats pour un seul et m\u00eame huile d\u2019olive extra vierge. \u00c0 noter que pour les coffrets sp\u00e9ciaux (No\u00ebl et autres p\u00e9riodes), un co\u00fbt suppl\u00e9mentaire de 2 \u00e0 6 euros peut \u00eatre appliqu\u00e9 selon la taille.\u00a0\u00bb ic_dfd_icons=\u00a0\u00bbbubbles-Handbag\u00a0\u00bb main_style=\u00a0\u00bbstyle-1&Prime; main_layout=\u00a0\u00bblayout-1&Prime; undefined=\u00a0\u00bb\u00a0\u00bb title_font_options=\u00a0\u00bbtag:div\u00a0\u00bb subtitle_font_options=\u00a0\u00bbtag:div\u00a0\u00bb icon_color=\u00a0\u00bb#3b55e6&Prime; tutorials=\u00a0\u00bb\u00a0\u00bb][\/vc_column_inner][\/vc_row_inner][\/vc_column][\/vc_row][vc_row][vc_column][dfd_spacer screen_wide_spacer_size=\u00a0\u00bb30&Prime; screen_normal_resolution=\u00a0\u00bb1024&Prime; screen_tablet_resolution=\u00a0\u00bb800&Prime; screen_mobile_resolution=\u00a0\u00bb480&Prime;][dfd_spacer screen_wide_spacer_size=\u00a0\u00bb30&Prime; screen_normal_resolution=\u00a0\u00bb1024&Prime; screen_tablet_resolution=\u00a0\u00bb800&Prime; screen_mobile_resolution=\u00a0\u00bb480&Prime;][\/vc_column][\/vc_row][vc_row css=\u00a0\u00bb.vc_custom_1768044332583{padding-right: 3% !important;}\u00a0\u00bb][vc_column width=\u00a0\u00bb1\/2&Prime; dfd_column_responsive_enable=\u00a0\u00bbdfd-column-responsive-enable\u00a0\u00bb el_class=\u00a0\u00bbdfd_col-tablet-12&Prime; offset=\u00a0\u00bbvc_col-lg-6 vc_col-md-6 vc_col-xs-12&Prime; col_shadow=\u00a0\u00bbbox_shadow_enable:disable|shadow_horizontal:0|shadow_vertical:15|shadow_blur:50|shadow_spread:0|box_shadow_color:rgba(0%2C0%2C0%2C0.35)\u00a0\u00bb col_shadow_hover=\u00a0\u00bbbox_shadow_enable:disable|shadow_horizontal:0|shadow_vertical:15|shadow_blur:50|shadow_spread:0|box_shadow_color:rgba(0%2C0%2C0%2C0.35)\u00a0\u00bb responsive_styles=\u00a0\u00bbpadding_left_desktop:20|padding_left_tablet:20|padding_right_tablet:20|padding_left_mobile:20|padding_right_mobile:20&Prime; css=\u00a0\u00bb.vc_custom_1768044362641{padding-left: 3% !important;}\u00a0\u00bb][dfd_heading style=\u00a0\u00bbstyle_02&Prime; subtitle=\u00a0\u00bbProduits biologiques\u00a0\u00bb content_alignment=\u00a0\u00bbtext-left\u00a0\u00bb module_animation=\u00a0\u00bbtransition.slideRightBigIn\u00a0\u00bb enable_delimiter=\u00a0\u00bb\u00a0\u00bb undefined=\u00a0\u00bb\u00a0\u00bb title_font_options=\u00a0\u00bbtag:h2|font_size:37|line_height:44|letter_spacing:-1.5&Prime; subtitle_font_options=\u00a0\u00bbtag:h6|font_size:12|color:%23545454&Prime; subheading_margin=\u00a0\u00bbmargin-bottom:10&Prime; title_responsive=\u00a0\u00bbfont_size_tablet:32|line_height_tablet:36|font_size_mobile:25|line_height_mobile:30&Prime; subtitle_responsive=\u00a0\u00bbfont_size_tablet:11|font_size_mobile:10|line_height_mobile:20&Prime;]Pois chiches et lentilles<br \/>\n<em class=\"dfd-textmodule-featured-decoration\">les l\u00e9gumineuses de la Tenuta&nbsp;<\/em>[\/dfd_heading][dfd_spacer screen_wide_spacer_size=\u00a0\u00bb20&Prime; screen_normal_resolution=\u00a0\u00bb1024&Prime; screen_tablet_resolution=\u00a0\u00bb800&Prime; screen_mobile_resolution=\u00a0\u00bb480&Prime; screen_wide_resolution=\u00a0\u00bb1280&Prime; screen_normal_spacer_size=\u00a0\u00bb20&Prime; screen_tablet_spacer_size=\u00a0\u00bb20&Prime; screen_mobile_spacer_size=\u00a0\u00bb20&Prime;][vc_column_text css=\u00a0\u00bb\u00a0\u00bb item_animation=\u00a0\u00bbtransition.slideRightBigIn\u00a0\u00bb]<\/p>\n<p data-start=\"229\" data-end=\"468\">Au fil des ann\u00e9es, aux c\u00f4t\u00e9s des c\u00e9r\u00e9ales anciennes et des oliviers, nous avons d\u00e9velopp\u00e9 d\u2019autres cultures biologiques, en particulier les <strong>lentilles<\/strong> et les <strong>pois chiches<\/strong>, qui se pr\u00eatent \u00e9galement tr\u00e8s bien aux rotations avec engrais verts.<\/p>\n<h3 data-start=\"470\" data-end=\"500\"><\/h3>\n<p>[\/vc_column_text][dfd_spacer screen_wide_spacer_size=\u00a0\u00bb20&Prime; screen_normal_resolution=\u00a0\u00bb1024&Prime; screen_tablet_resolution=\u00a0\u00bb800&Prime; screen_mobile_resolution=\u00a0\u00bb480&Prime; screen_wide_resolution=\u00a0\u00bb1280&Prime; screen_normal_spacer_size=\u00a0\u00bb35&Prime; screen_tablet_spacer_size=\u00a0\u00bb30&Prime; screen_mobile_spacer_size=\u00a0\u00bb30&Prime;][vc_row_inner][vc_column_inner width=\u00a0\u00bb1\/2&Prime; col_inner_shadow=\u00a0\u00bbbox_shadow_enable:disable|shadow_horizontal:0|shadow_vertical:15|shadow_blur:50|shadow_spread:0|box_shadow_color:rgba(0%2C0%2C0%2C0.35)\u00a0\u00bb col_inner_shadow_hover=\u00a0\u00bbbox_shadow_enable:disable|shadow_horizontal:0|shadow_vertical:15|shadow_blur:50|shadow_spread:0|box_shadow_color:rgba(0%2C0%2C0%2C0.35)\u00a0\u00bb][dfd_info_box content_alignment=\u00a0\u00bbtext-left\u00a0\u00bb module_animation=\u00a0\u00bbtransition.slideRightBigIn\u00a0\u00bb title=\u00a0\u00bbAchetez nos pois chiches\u00a0\u00bb subtitle=\u00a0\u00bbConditionnement de 500 g\u00a0\u00bb main_content=\u00a0\u00bbNos pois chiches sont de la vari\u00e9t\u00e9 Sultano, une ancienne vari\u00e9t\u00e9 r\u00e9pandue dans le bassin m\u00e9diterran\u00e9en. Petits et lisses, ils se distinguent par leur excellente digestibilit\u00e9 et une cuisson rapide apr\u00e8s quelques heures de trempage. Cultiv\u00e9s sur des sols argileux, ils offrent une saveur intense et naturelle, qui les rend uniques par rapport aux l\u00e9gumineuses du commerce.\u00a0\u00bb ic_dfd_icons=\u00a0\u00bbbubbles-Handbag\u00a0\u00bb main_style=\u00a0\u00bbstyle-1&Prime; main_layout=\u00a0\u00bblayout-1&Prime; undefined=\u00a0\u00bb\u00a0\u00bb title_font_options=\u00a0\u00bbtag:div\u00a0\u00bb subtitle_font_options=\u00a0\u00bbtag:div\u00a0\u00bb icon_color=\u00a0\u00bb#3b55e6&Prime;][\/vc_column_inner][vc_column_inner width=\u00a0\u00bb1\/2&Prime;][dfd_info_box content_alignment=\u00a0\u00bbtext-left\u00a0\u00bb module_animation=\u00a0\u00bbtransition.slideRightBigIn\u00a0\u00bb title=\u00a0\u00bbAchetez nos lentilles\u00a0\u00bb subtitle=\u00a0\u00bbConditionnement de 500 g\u00a0\u00bb main_content=\u00a0\u00bbNous cultivons des lentilles de la vari\u00e9t\u00e9 Robin, petites, \u00e0 cotyl\u00e9dons rouges, riches en saveur et en histoire. Elles ne n\u00e9cessitent pas de trempage et cuisent en environ 20 minutes, tout en conservant leur texture et leurs qualit\u00e9s nutritionnelles. Elles proviennent d\u2019une zone sp\u00e9cifique de la Tenuta, o\u00f9 les sols ferreux et meubles contribuent \u00e0 sublimer leur go\u00fbt intense et naturel.\u00a0\u00bb ic_dfd_icons=\u00a0\u00bbbubbles-Settings\u00a0\u00bb main_style=\u00a0\u00bbstyle-1&Prime; main_layout=\u00a0\u00bblayout-1&Prime; undefined=\u00a0\u00bb\u00a0\u00bb title_font_options=\u00a0\u00bbtag:div\u00a0\u00bb subtitle_font_options=\u00a0\u00bbtag:div\u00a0\u00bb icon_color=\u00a0\u00bb#3b55e6&Prime;][dfd_spacer screen_wide_spacer_size=\u00a0\u00bb0&Prime; screen_normal_resolution=\u00a0\u00bb1024&Prime; screen_tablet_resolution=\u00a0\u00bb800&Prime; screen_mobile_resolution=\u00a0\u00bb480&Prime; screen_wide_resolution=\u00a0\u00bb1280&Prime; screen_normal_spacer_size=\u00a0\u00bb0&Prime; screen_tablet_spacer_size=\u00a0\u00bb0&Prime; screen_mobile_spacer_size=\u00a0\u00bb30&Prime;][\/vc_column_inner][\/vc_row_inner][\/vc_column][vc_column width=\u00a0\u00bb1\/2&Prime; dfd_column_responsive_enable=\u00a0\u00bbdfd-column-responsive-enable\u00a0\u00bb css=\u00a0\u00bb.vc_custom_1479730517150{padding-left: 3% !important;}\u00a0\u00bb col_shadow=\u00a0\u00bbbox_shadow_enable:disable|shadow_horizontal:0|shadow_vertical:15|shadow_blur:50|shadow_spread:0|box_shadow_color:rgba(0%2C0%2C0%2C0.35)\u00a0\u00bb col_shadow_hover=\u00a0\u00bbbox_shadow_enable:disable|shadow_horizontal:0|shadow_vertical:15|shadow_blur:50|shadow_spread:0|box_shadow_color:rgba(0%2C0%2C0%2C0.35)\u00a0\u00bb el_class=\u00a0\u00bbdfd_col-tablet-12&Prime; offset=\u00a0\u00bbvc_col-lg-6 vc_col-md-6 vc_col-xs-12&Prime; responsive_styles=\u00a0\u00bbpadding_right_desktop:20|padding_left_tablet:20|padding_right_tablet:20|padding_left_mobile:20|padding_right_mobile:20&Prime;][dfd_spacer screen_wide_spacer_size=\u00a0\u00bb0&Prime; screen_normal_resolution=\u00a0\u00bb1024&Prime; screen_tablet_resolution=\u00a0\u00bb800&Prime; screen_mobile_resolution=\u00a0\u00bb480&Prime; screen_wide_resolution=\u00a0\u00bb1280&Prime; screen_normal_spacer_size=\u00a0\u00bb40&Prime; screen_tablet_spacer_size=\u00a0\u00bb40&Prime; screen_mobile_spacer_size=\u00a0\u00bb40&Prime;][dfd_single_image hover_style=\u00a0\u00bbdfd-image-scale\u00a0\u00bb image=\u00a0\u00bb21514&Prime;][\/vc_column][\/vc_row][vc_row][vc_column][dfd_spacer screen_wide_spacer_size=\u00a0\u00bb30&Prime; screen_normal_resolution=\u00a0\u00bb1024&Prime; screen_tablet_resolution=\u00a0\u00bb800&Prime; screen_mobile_resolution=\u00a0\u00bb480&Prime;][dfd_spacer screen_wide_spacer_size=\u00a0\u00bb30&Prime; screen_normal_resolution=\u00a0\u00bb1024&Prime; screen_tablet_resolution=\u00a0\u00bb800&Prime; screen_mobile_resolution=\u00a0\u00bb480&Prime;][\/vc_column][\/vc_row][vc_row][vc_column][dfd_simple_image_gallery dfd_layer_image=\u00a0\u00bb21311,21314,21320,21323,21335&Prime; items_offset=\u00a0\u00bb0&Prime; image_width=\u00a0\u00bb900&Prime; image_height=\u00a0\u00bb600&Prime; slides_to_show=\u00a0\u00bb3&Prime; slides_to_scroll=\u00a0\u00bb1&Prime; carousel_slideshow_speed=\u00a0\u00bb3000&Prime; images_style=\u00a0\u00bbcarousel\u00a0\u00bb][\/vc_column][\/vc_row]<\/p>\n<\/div>","protected":false},"excerpt":{"rendered":"<p>[vc_row][vc_column][dfd_spacer screen_wide_spacer_size=\u00a0\u00bb30&Prime; screen_normal_resolution=\u00a0\u00bb1024&Prime; screen_tablet_resolution=\u00a0\u00bb800&Prime; screen_mobile_resolution=\u00a0\u00bb480&Prime;][dfd_single_image image_size=\u00a0\u00bbcustom\u00a0\u00bb image_width=\u00a0\u00bb1920&Prime; image_height=\u00a0\u00bb700&Prime; image=\u00a0\u00bb21338&Prime;][\/vc_column][\/vc_row][vc_row][vc_column][vc_column_text][\/vc_column_text][dfd_spacer screen_wide_spacer_size=\u00a0\u00bb30&Prime; screen_normal_resolution=\u00a0\u00bb1024&Prime; screen_tablet_resolution=\u00a0\u00bb800&Prime; screen_mobile_resolution=\u00a0\u00bb480&Prime;][\/vc_column][\/vc_row][vc_row css=\u00a0\u00bb.vc_custom_1768044332583{padding-right: 3% !important;}\u00a0\u00bb][vc_column width=\u00a0\u00bb1\/2&Prime; dfd_column_responsive_enable=\u00a0\u00bbdfd-column-responsive-enable\u00a0\u00bb el_class=\u00a0\u00bbdfd_col-tablet-12&Prime; offset=\u00a0\u00bbvc_col-lg-6 vc_col-md-6 vc_col-xs-12&Prime; col_shadow=\u00a0\u00bbbox_shadow_enable:disable|shadow_horizontal:0|shadow_vertical:15|shadow_blur:50|shadow_spread:0|box_shadow_color:rgba(0%2C0%2C0%2C0.35)\u00a0\u00bb col_shadow_hover=\u00a0\u00bbbox_shadow_enable:disable|shadow_horizontal:0|shadow_vertical:15|shadow_blur:50|shadow_spread:0|box_shadow_color:rgba(0%2C0%2C0%2C0.35)\u00a0\u00bb responsive_styles=\u00a0\u00bbpadding_left_desktop:20|padding_left_tablet:20|padding_right_tablet:20|padding_left_mobile:20|padding_right_mobile:20&Prime; css=\u00a0\u00bb.vc_custom_1768044362641{padding-left: 3% !important;}\u00a0\u00bb][dfd_heading style=\u00a0\u00bbstyle_02&Prime; subtitle=\u00a0\u00bbProduits<\/p>\n","protected":false},"author":1,"featured_media":0,"parent":0,"menu_order":0,"comment_status":"closed","ping_status":"closed","template":"","meta":{"footnotes":""},"class_list":["post-21662","page","type-page","status-publish","hentry"],"_links":{"self":[{"href":"https:\/\/www.t-bio.it\/fr\/wp-json\/wp\/v2\/pages\/21662","targetHints":{"allow":["GET"]}}],"collection":[{"href":"https:\/\/www.t-bio.it\/fr\/wp-json\/wp\/v2\/pages"}],"about":[{"href":"https:\/\/www.t-bio.it\/fr\/wp-json\/wp\/v2\/types\/page"}],"author":[{"embeddable":true,"href":"https:\/\/www.t-bio.it\/fr\/wp-json\/wp\/v2\/users\/1"}],"replies":[{"embeddable":true,"href":"https:\/\/www.t-bio.it\/fr\/wp-json\/wp\/v2\/comments?post=21662"}],"version-history":[{"count":6,"href":"https:\/\/www.t-bio.it\/fr\/wp-json\/wp\/v2\/pages\/21662\/revisions"}],"predecessor-version":[{"id":21753,"href":"https:\/\/www.t-bio.it\/fr\/wp-json\/wp\/v2\/pages\/21662\/revisions\/21753"}],"wp:attachment":[{"href":"https:\/\/www.t-bio.it\/fr\/wp-json\/wp\/v2\/media?parent=21662"}],"curies":[{"name":"wp","href":"https:\/\/api.w.org\/{rel}","templated":true}]}}